{"id":969,"date":"2022-06-28T09:42:44","date_gmt":"2022-06-28T09:42:44","guid":{"rendered":"https:\/\/startersites.io\/elementor\/web-agency\/?page_id=969"},"modified":"2025-06-30T15:41:31","modified_gmt":"2025-06-30T15:41:31","slug":"proposito","status":"publish","type":"page","link":"https:\/\/infopueblo.es\/v1\/index.php\/proposito\/","title":{"rendered":"Prop\u00f3sito"},"content":{"rendered":"\t\t<div data-elementor-type=\"wp-page\" data-elementor-id=\"969\" class=\"elementor elementor-969\">\n\t\t\t\t<div class=\"elementor-element elementor-element-1553f39 e-con-full e-flex e-con e-parent\" data-id=\"1553f39\" data-element_type=\"container\">\n\t\t<div class=\"elementor-element elementor-element-98ec681 e-con-full e-flex e-con e-child\" data-id=\"98ec681\" data-element_type=\"container\" data-settings=\"{&quot;background_background&quot;:&quot;classic&quot;}\">\n\t\t<div class=\"elementor-element elementor-element-3f4eb03 e-flex e-con-boxed e-con e-child\" data-id=\"3f4eb03\" data-element_type=\"container\">\n\t\t\t\t\t<div class=\"e-con-inner\">\n\t\t<div class=\"elementor-element elementor-element-cd305ef e-con-full e-flex e-con e-child\" data-id=\"cd305ef\" data-element_type=\"container\">\n\t\t\t\t<div class=\"elementor-element elementor-element-8814b32 elementor-widget elementor-widget-heading\" data-id=\"8814b32\" data-element_type=\"widget\" data-widget_type=\"heading.default\">\n\t\t\t\t<div class=\"elementor-widget-container\">\n\t\t\t\t\t<h2 class=\"elementor-heading-title elementor-size-default\">Nuestra Br\u00fajula ! <\/h2>\t\t\t\t<\/div>\n\t\t\t\t<\/div>\n\t\t\t\t<\/div>\n\t\t\t\t\t<\/div>\n\t\t\t\t<\/div>\n\t\t\t\t<\/div>\n\t\t\t\t<\/div>\n\t\t<div class=\"elementor-element elementor-element-90d5b81 e-flex e-con-boxed e-con e-parent\" data-id=\"90d5b81\" data-element_type=\"container\">\n\t\t\t\t\t<div class=\"e-con-inner\">\n\t\t<div class=\"elementor-element elementor-element-ff53b9b e-con-full e-flex e-con e-child\" data-id=\"ff53b9b\" data-element_type=\"container\">\n\t\t\t\t<div class=\"elementor-element elementor-element-9cdf822 elementor-widget elementor-widget-heading\" data-id=\"9cdf822\" data-element_type=\"widget\" data-widget_type=\"heading.default\">\n\t\t\t\t<div class=\"elementor-widget-container\">\n\t\t\t\t\t<h4 class=\"elementor-heading-title elementor-size-default\">MISI\u00d3N<\/h4>\t\t\t\t<\/div>\n\t\t\t\t<\/div>\n\t\t\t\t<div class=\"elementor-element elementor-element-5df616e elementor-widget elementor-widget-text-editor\" data-id=\"5df616e\" data-element_type=\"widget\" data-widget_type=\"text-editor.default\">\n\t\t\t\t<div class=\"elementor-widget-container\">\n\t\t\t\t\t\t\t\t\t<p><em>La misi\u00f3n de <b>INFO PUEBLO<\/b> es fortalecer la identidad, la voz y la conexi\u00f3n de los pueblos rurales de Espa\u00f1a mediante herramientas tecnol\u00f3gicas accesibles, humanas y adaptables a<span style=\"font-family: inherit; font-size: inherit; font-variant-ligatures: inherit; font-variant-caps: inherit; font-weight: inherit;\">&nbsp;trav\u00e9s de una plataforma integral que incluye:<\/span><\/em><\/p>\n<ul>\n<li><em><b>Radio online<\/b><\/em><\/li>\n<li><em><b>Noticias locales<\/b><\/em><\/li>\n<li><em><b>Espacios formativos<\/b><\/em><\/li>\n<li><em><b>Participaci\u00f3n comunitaria.<\/b><\/em><\/li>\n<\/ul>\n<p><em>Buscamos <b>transformar el aislamiento en comunicaci\u00f3n<\/b>, la pasividad en protagonismo y el silencio en expresi\u00f3n colectiva.<\/em><\/p>\t\t\t\t\t\t\t\t<\/div>\n\t\t\t\t<\/div>\n\t\t\t\t<\/div>\n\t\t<div class=\"elementor-element elementor-element-9c76006 e-con-full e-flex e-con e-child\" data-id=\"9c76006\" data-element_type=\"container\">\n\t\t\t\t<div class=\"elementor-element elementor-element-308feb1 elementor-widget elementor-widget-heading\" data-id=\"308feb1\" data-element_type=\"widget\" data-widget_type=\"heading.default\">\n\t\t\t\t<div class=\"elementor-widget-container\">\n\t\t\t\t\t<h4 class=\"elementor-heading-title elementor-size-default\">VISI\u00d3N<\/h4>\t\t\t\t<\/div>\n\t\t\t\t<\/div>\n\t\t\t\t<div class=\"elementor-element elementor-element-e2dedbc elementor-widget elementor-widget-text-editor\" data-id=\"e2dedbc\" data-element_type=\"widget\" data-widget_type=\"text-editor.default\">\n\t\t\t\t<div class=\"elementor-widget-container\">\n\t\t\t\t\t\t\t\t\t<p><i><b>INFO PUEBLO<\/b> visualiza un futuro en el que cada pueblo, por peque\u00f1o que sea, tenga acceso a medios digitales propios que lo representen, comuniquen y proyecten. <\/i><\/p>\n<p><i>So\u00f1amos con <b>comunidades rurales vivas, conectadas y empoderadas<\/b>, donde la tecnolog\u00eda sea una aliada cercana que impulse la cultura local, la informaci\u00f3n veraz y el aprendizaje colaborativo, recuperando el valor de lo cercano con herramientas del presente.<\/i><\/p>\t\t\t\t\t\t\t\t<\/div>\n\t\t\t\t<\/div>\n\t\t\t\t<\/div>\n\t\t<div class=\"elementor-element elementor-element-aeab1be e-con-full e-flex e-con e-child\" data-id=\"aeab1be\" data-element_type=\"container\">\n\t\t\t\t<div class=\"elementor-element elementor-element-cf38edf elementor-widget elementor-widget-heading\" data-id=\"cf38edf\" data-element_type=\"widget\" data-widget_type=\"heading.default\">\n\t\t\t\t<div class=\"elementor-widget-container\">\n\t\t\t\t\t<h4 class=\"elementor-heading-title elementor-size-default\">VALORES<\/h4>\t\t\t\t<\/div>\n\t\t\t\t<\/div>\n\t\t\t\t<div class=\"elementor-element elementor-element-caf9e19 elementor-widget elementor-widget-text-editor\" data-id=\"caf9e19\" data-element_type=\"widget\" data-widget_type=\"text-editor.default\">\n\t\t\t\t<div class=\"elementor-widget-container\">\n\t\t\t\t\t\t\t\t\t<p><i><strong>Empoderamiento local<\/strong>: Brindamos herramientas para que los propios vecinos sean protagonistas de su comunicaci\u00f3n.<\/i><\/p>\n<p><i><strong>Accesibilidad e inclusi\u00f3n<\/strong>: Dise\u00f1amos soluciones pensadas desde y para lo rural, sin barreras t\u00e9cnicas.<\/i><\/p>\n<p><i><strong>Identidad y pertenencia<\/strong>: Fomentamos el orgullo de lo propio, reflejando la diversidad cultural de cada pueblo.<\/i><\/p>\n<p><i><strong>Aprendizaje compartido<\/strong>: Acompa\u00f1amos con mentor\u00edas, formaci\u00f3n y apoyo continuo para que todos puedan participar.<\/i><\/p>\n<p><i><strong>Innovaci\u00f3n con prop\u00f3sito<\/strong>: Usamos la tecnolog\u00eda como medio, no como fin, adapt\u00e1ndola a las necesidades reales de cada comunidad.<\/i><\/p>\t\t\t\t\t\t\t\t<\/div>\n\t\t\t\t<\/div>\n\t\t\t\t<\/div>\n\t\t\t\t\t<\/div>\n\t\t\t\t<\/div>\n\t\t<div class=\"elementor-element elementor-element-ba49e07 e-con-full e-flex e-con e-parent\" data-id=\"ba49e07\" data-element_type=\"container\">\n\t\t\t\t<div class=\"elementor-element elementor-element-464a3d5 elementor-mobile-align-center elementor-tablet-align-center elementor-align-center elementor-widget elementor-widget-button\" data-id=\"464a3d5\" data-element_type=\"widget\" data-widget_type=\"button.default\">\n\t\t\t\t<div class=\"elementor-widget-container\">\n\t\t\t\t\t\t\t\t\t<div class=\"elementor-button-wrapper\">\n\t\t\t\t\t<a class=\"elementor-button elementor-button-link elementor-size-sm\" href=\"https:\/\/infopueblo.es\/v1\/index.php\/paso_a_paso\/\">\n\t\t\t\t\t\t<span class=\"elementor-button-content-wrapper\">\n\t\t\t\t\t\t<span class=\"elementor-button-icon\">\n\t\t\t\t<svg aria-hidden=\"true\" class=\"e-font-icon-svg e-fab-whatsapp\" viewBox=\"0 0 448 512\" xmlns=\"http:\/\/www.w3.org\/2000\/svg\"><path d=\"M380.9 97.1C339 55.1 283.2 32 223.9 32c-122.4 0-222 99.6-222 222 0 39.1 10.2 77.3 29.6 111L0 480l117.7-30.9c32.4 17.7 68.9 27 106.1 27h.1c122.3 0 224.1-99.6 224.1-222 0-59.3-25.2-115-67.1-157zm-157 341.6c-33.2 0-65.7-8.9-94-25.7l-6.7-4-69.8 18.3L72 359.2l-4.4-7c-18.5-29.4-28.2-63.3-28.2-98.2 0-101.7 82.8-184.5 184.6-184.5 49.3 0 95.6 19.2 130.4 54.1 34.8 34.9 56.2 81.2 56.1 130.5 0 101.8-84.9 184.6-186.6 184.6zm101.2-138.2c-5.5-2.8-32.8-16.2-37.9-18-5.1-1.9-8.8-2.8-12.5 2.8-3.7 5.6-14.3 18-17.6 21.8-3.2 3.7-6.5 4.2-12 1.4-32.6-16.3-54-29.1-75.5-66-5.7-9.8 5.7-9.1 16.3-30.3 1.8-3.7.9-6.9-.5-9.7-1.4-2.8-12.5-30.1-17.1-41.2-4.5-10.8-9.1-9.3-12.5-9.5-3.2-.2-6.9-.2-10.6-.2-3.7 0-9.7 1.4-14.8 6.9-5.1 5.6-19.4 19-19.4 46.3 0 27.3 19.9 53.7 22.6 57.4 2.8 3.7 39.1 59.7 94.8 83.8 35.2 15.2 49 16.5 66.6 13.9 10.7-1.6 32.8-13.4 37.4-26.4 4.6-13 4.6-24.1 3.2-26.4-1.3-2.5-5-3.9-10.5-6.6z\"><\/path><\/svg>\t\t\t<\/span>\n\t\t\t\t\t\t\t\t\t<span class=\"elementor-button-text\">  Charlamos ?<\/span>\n\t\t\t\t\t<\/span>\n\t\t\t\t\t<\/a>\n\t\t\t\t<\/div>\n\t\t\t\t\t\t\t\t<\/div>\n\t\t\t\t<\/div>\n\t\t\t\t<\/div>\n\t\t\t\t<\/div>\n\t\t","protected":false},"excerpt":{"rendered":"<p>Nuestra Br\u00fajula ! MISI\u00d3N La misi\u00f3n de INFO PUEBLO es fortalecer la identidad, la voz y la conexi\u00f3n de los pueblos rurales de Espa\u00f1a mediante herramientas tecnol\u00f3gicas accesibles, humanas y adaptables a&nbsp;trav\u00e9s de una plataforma integral que incluye: Radio online Noticias locales Espacios formativos Participaci\u00f3n comunitaria. Buscamos transformar el aislamiento en comunicaci\u00f3n, la pasividad en [&hellip;]<\/p>\n","protected":false},"author":1,"featured_media":0,"parent":0,"menu_order":0,"comment_status":"closed","ping_status":"closed","template":"","meta":{"footnotes":""},"class_list":["post-969","page","type-page","status-publish","hentry"],"blocksy_meta":{"page_title_panel":"","has_hero_section":"disabled","6adf8427e3338cacf5ab2f524b7ef8b1":"","hero_section":"type-1","hero_elements":[{"id":"custom_title","enabled":true,"heading_tag":"h1","title":"Home"},{"id":"custom_description","enabled":true,"description_visibility":{"desktop":true,"tablet":true,"mobile":false}},{"id":"custom_meta","enabled":false,"meta_elements":[{"id":"author","enabled":true,"label":"By","has_author_avatar":"yes","avatar_size":25},{"id":"post_date","enabled":true,"label":"On","date_format_source":"default","date_format":"M j, Y"},{"id":"updated_date","enabled":false,"label":"On","date_format_source":"default","date_format":"M j, Y"},{"id":"categories","enabled":false,"label":"In","style":"simple"},{"id":"comments","enabled":true}],"page_meta_elements":{"joined":true,"articles_count":true,"comments":true}},{"id":"breadcrumbs","enabled":false}],"9741cca921386e11d73035f6d3788b1c":"","hero_alignment1":"CT_CSS_SKIP_RULE","hero_margin":40,"hero_alignment2":"center","hero_vertical_alignment":"center","7295e70143525a5f80712cda0789f708":"","hero_structure":"narrow","f28dfdaa4842de3933d4727cb207d2e1":"","page_title_bg_type":"featured_image","custom_hero_background":{"attachment_id":null},"page_title_image_size":"full","parallax":{"desktop":false,"tablet":false,"mobile":false},"5edf9deb27275997a5092861bfebae73":"","hero_height":"250px","pageTitleFont":{"family":"Default","variation":"Default","size":"30px","line-height":"CT_CSS_SKIP_RULE","letter-spacing":"CT_CSS_SKIP_RULE","text-transform":"CT_CSS_SKIP_RULE","text-decoration":"CT_CSS_SKIP_RULE"},"pageTitleFontColor":{"default":{"color":"CT_CSS_SKIP_RULEDEFAULT"}},"pageMetaFont":{"family":"Default","variation":"n6","size":"12px","line-height":"1.3","letter-spacing":"CT_CSS_SKIP_RULE","text-transform":"uppercase","text-decoration":"CT_CSS_SKIP_RULE"},"pageMetaFontColor":{"default":{"color":"CT_CSS_SKIP_RULEDEFAULT"},"hover":{"color":"CT_CSS_SKIP_RULEDEFAULT"}},"page_meta_button_type_font_colors":{"default":{"color":"CT_CSS_SKIP_RULEDEFAULT"},"hover":{"color":"CT_CSS_SKIP_RULEDEFAULT"}},"page_meta_button_type_background_colors":{"default":{"color":"CT_CSS_SKIP_RULEDEFAULT"},"hover":{"color":"CT_CSS_SKIP_RULEDEFAULT"}},"pageExcerptFont":{"family":"Default","variation":"Default","size":"CT_CSS_SKIP_RULE","line-height":"CT_CSS_SKIP_RULE","letter-spacing":"CT_CSS_SKIP_RULE","text-transform":"CT_CSS_SKIP_RULE","text-decoration":"CT_CSS_SKIP_RULE"},"pageExcerptColor":{"default":{"color":"CT_CSS_SKIP_RULEDEFAULT"}},"breadcrumbsFont":{"family":"Default","variation":"Default","size":"CT_CSS_SKIP_RULE","line-height":"CT_CSS_SKIP_RULE","letter-spacing":"CT_CSS_SKIP_RULE","text-transform":"CT_CSS_SKIP_RULE","text-decoration":"CT_CSS_SKIP_RULE"},"breadcrumbsFontColor":{"default":{"color":"CT_CSS_SKIP_RULEDEFAULT"},"initial":{"color":"CT_CSS_SKIP_RULEDEFAULT"},"hover":{"color":"CT_CSS_SKIP_RULEDEFAULT"}},"pageTitleOverlay":{"background_type":"color","background_pattern":"type-1","background_image":{"attachment_id":null,"x":0,"y":0},"gradient":"linear-gradient(135deg,rgba(6,147,227,1) 0%,rgb(155,81,224) 100%)","background_repeat":"repeat","background_size":"auto","background_attachment":"scroll","patternColor":{"default":{"color":"#e5e7ea"}},"overlayColor":{"default":{"color":"CT_CSS_SKIP_RULE"}},"backgroundColor":{"default":{"color":"CT_CSS_SKIP_RULE"}}},"pageTitleBackground":{"background_type":"color","background_pattern":"type-1","background_image":{"attachment_id":null,"x":0,"y":0},"gradient":"linear-gradient(135deg,rgba(6,147,227,1) 0%,rgb(155,81,224) 100%)","background_repeat":"repeat","background_size":"auto","background_attachment":"scroll","patternColor":{"default":{"color":"#e5e7ea"}},"overlayColor":{"default":{"color":"CT_CSS_SKIP_RULE"}},"backgroundColor":{"default":{"color":"var(--theme-palette-color-6)"}}},"pageTitlePadding":{"top":"50px","bottom":"50px","left":"auto","right":"auto","linked":true},"1bb85a443599e4f3c9dda8cd1d52b4f8":"","page_structure_type":"default","858466f3ebd28086503780ff7f37f52f":"","content_style_source":"inherit","content_style":"wide","vertical_spacing_source":"custom","content_area_spacing":"none","background":{"background_type":"color","background_pattern":"type-1","background_image":{"attachment_id":null,"x":0,"y":0},"gradient":"linear-gradient(135deg,rgba(6,147,227,1) 0%,rgb(155,81,224) 100%)","background_repeat":"repeat","background_size":"auto","background_attachment":"scroll","patternColor":{"default":{"color":"#e5e7ea"}},"overlayColor":{"default":{"color":"CT_CSS_SKIP_RULE"}},"backgroundColor":{"default":{"color":"CT_CSS_SKIP_RULE"}}},"content_background":{"background_type":"color","background_pattern":"type-1","background_image":{"attachment_id":null,"x":0,"y":0},"gradient":"linear-gradient(135deg,rgba(6,147,227,1) 0%,rgb(155,81,224) 100%)","background_repeat":"repeat","background_size":"auto","background_attachment":"scroll","patternColor":{"default":{"color":"#e5e7ea"}},"overlayColor":{"default":{"color":"CT_CSS_SKIP_RULE"}},"backgroundColor":{"default":{"color":"var(--theme-palette-color-8)"}}},"content_boxed_shadow":{"inherit":false,"blur":18,"spread":-6,"v_offset":12,"h_offset":0,"inset":false,"enable":true,"color":{"color":"rgba(34, 56, 101, 0.04)"}},"content_boxed_border":{"width":1,"style":"none","color":{"color":"rgba(44,62,80,0.2)"}},"content_boxed_radius":{"top":"3px","bottom":"3px","left":"3px","right":"3px","linked":true},"boxed_content_spacing":{"desktop":{"top":"40px","bottom":"40px","left":"40px","right":"40px","linked":true},"tablet":{"top":"35px","bottom":"35px","left":"35px","right":"35px","linked":true},"mobile":{"top":"20px","bottom":"20px","left":"20px","right":"20px","linked":true}},"89c5690a5759feff4305e208991a1347":"","disable_featured_image":"no","disable_share_box":"no","disable_header":"no","disable_footer":"no","styles_descriptor":{"styles":{"desktop":"","tablet":"","mobile":""},"google_fonts":[],"version":6}},"yoast_head":"<!-- This site is optimized with the Yoast SEO plugin v26.3 - https:\/\/yoast.com\/wordpress\/plugins\/seo\/ -->\n<title>Prop\u00f3sito - infopueblo<\/title>\n<meta name=\"robots\" content=\"index, follow, max-snippet:-1, max-image-preview:large, max-video-preview:-1\" \/>\n<link rel=\"canonical\" href=\"https:\/\/infopueblo.es\/v1\/index.php\/proposito\/\" \/>\n<meta property=\"og:locale\" content=\"es_ES\" \/>\n<meta property=\"og:type\" content=\"article\" \/>\n<meta property=\"og:title\" content=\"Prop\u00f3sito - infopueblo\" \/>\n<meta property=\"og:description\" content=\"Nuestra Br\u00fajula ! MISI\u00d3N La misi\u00f3n de INFO PUEBLO es fortalecer la identidad, la voz y la conexi\u00f3n de los pueblos rurales de Espa\u00f1a mediante herramientas tecnol\u00f3gicas accesibles, humanas y adaptables a&nbsp;trav\u00e9s de una plataforma integral que incluye: Radio online Noticias locales Espacios formativos Participaci\u00f3n comunitaria. Buscamos transformar el aislamiento en comunicaci\u00f3n, la pasividad en [&hellip;]\" \/>\n<meta property=\"og:url\" content=\"https:\/\/infopueblo.es\/v1\/index.php\/proposito\/\" \/>\n<meta property=\"og:site_name\" content=\"infopueblo\" \/>\n<meta property=\"article:modified_time\" content=\"2025-06-30T15:41:31+00:00\" \/>\n<meta name=\"twitter:card\" content=\"summary_large_image\" \/>\n<meta name=\"twitter:label1\" content=\"Tiempo de lectura\" \/>\n\t<meta name=\"twitter:data1\" content=\"1 minuto\" \/>\n<script type=\"application\/ld+json\" class=\"yoast-schema-graph\">{\"@context\":\"https:\/\/schema.org\",\"@graph\":[{\"@type\":\"WebPage\",\"@id\":\"https:\/\/infopueblo.es\/v1\/index.php\/proposito\/\",\"url\":\"https:\/\/infopueblo.es\/v1\/index.php\/proposito\/\",\"name\":\"Prop\u00f3sito - infopueblo\",\"isPartOf\":{\"@id\":\"https:\/\/infopueblo.es\/v1\/#website\"},\"datePublished\":\"2022-06-28T09:42:44+00:00\",\"dateModified\":\"2025-06-30T15:41:31+00:00\",\"breadcrumb\":{\"@id\":\"https:\/\/infopueblo.es\/v1\/index.php\/proposito\/#breadcrumb\"},\"inLanguage\":\"es\",\"potentialAction\":[{\"@type\":\"ReadAction\",\"target\":[\"https:\/\/infopueblo.es\/v1\/index.php\/proposito\/\"]}]},{\"@type\":\"BreadcrumbList\",\"@id\":\"https:\/\/infopueblo.es\/v1\/index.php\/proposito\/#breadcrumb\",\"itemListElement\":[{\"@type\":\"ListItem\",\"position\":1,\"name\":\"Portada\",\"item\":\"https:\/\/infopueblo.es\/v1\/\"},{\"@type\":\"ListItem\",\"position\":2,\"name\":\"Prop\u00f3sito\"}]},{\"@type\":\"WebSite\",\"@id\":\"https:\/\/infopueblo.es\/v1\/#website\",\"url\":\"https:\/\/infopueblo.es\/v1\/\",\"name\":\"infopueblo\",\"description\":\"Soluciones simples para los desaf\u00edos de la Espa\u00f1a Rural\",\"publisher\":{\"@id\":\"https:\/\/infopueblo.es\/v1\/#organization\"},\"potentialAction\":[{\"@type\":\"SearchAction\",\"target\":{\"@type\":\"EntryPoint\",\"urlTemplate\":\"https:\/\/infopueblo.es\/v1\/?s={search_term_string}\"},\"query-input\":{\"@type\":\"PropertyValueSpecification\",\"valueRequired\":true,\"valueName\":\"search_term_string\"}}],\"inLanguage\":\"es\"},{\"@type\":\"Organization\",\"@id\":\"https:\/\/infopueblo.es\/v1\/#organization\",\"name\":\"infopueblo\",\"url\":\"https:\/\/infopueblo.es\/v1\/\",\"logo\":{\"@type\":\"ImageObject\",\"inLanguage\":\"es\",\"@id\":\"https:\/\/infopueblo.es\/v1\/#\/schema\/logo\/image\/\",\"url\":\"https:\/\/infopueblo.es\/v1\/wp-content\/uploads\/2025\/06\/INFO-PUEBLO-Isotipo-letras.svg\",\"contentUrl\":\"https:\/\/infopueblo.es\/v1\/wp-content\/uploads\/2025\/06\/INFO-PUEBLO-Isotipo-letras.svg\",\"width\":336,\"height\":52,\"caption\":\"infopueblo\"},\"image\":{\"@id\":\"https:\/\/infopueblo.es\/v1\/#\/schema\/logo\/image\/\"}}]}<\/script>\n<!-- \/ Yoast SEO plugin. -->","yoast_head_json":{"title":"Prop\u00f3sito - infopueblo","robots":{"index":"index","follow":"follow","max-snippet":"max-snippet:-1","max-image-preview":"max-image-preview:large","max-video-preview":"max-video-preview:-1"},"canonical":"https:\/\/infopueblo.es\/v1\/index.php\/proposito\/","og_locale":"es_ES","og_type":"article","og_title":"Prop\u00f3sito - infopueblo","og_description":"Nuestra Br\u00fajula ! MISI\u00d3N La misi\u00f3n de INFO PUEBLO es fortalecer la identidad, la voz y la conexi\u00f3n de los pueblos rurales de Espa\u00f1a mediante herramientas tecnol\u00f3gicas accesibles, humanas y adaptables a&nbsp;trav\u00e9s de una plataforma integral que incluye: Radio online Noticias locales Espacios formativos Participaci\u00f3n comunitaria. Buscamos transformar el aislamiento en comunicaci\u00f3n, la pasividad en [&hellip;]","og_url":"https:\/\/infopueblo.es\/v1\/index.php\/proposito\/","og_site_name":"infopueblo","article_modified_time":"2025-06-30T15:41:31+00:00","twitter_card":"summary_large_image","twitter_misc":{"Tiempo de lectura":"1 minuto"},"schema":{"@context":"https:\/\/schema.org","@graph":[{"@type":"WebPage","@id":"https:\/\/infopueblo.es\/v1\/index.php\/proposito\/","url":"https:\/\/infopueblo.es\/v1\/index.php\/proposito\/","name":"Prop\u00f3sito - infopueblo","isPartOf":{"@id":"https:\/\/infopueblo.es\/v1\/#website"},"datePublished":"2022-06-28T09:42:44+00:00","dateModified":"2025-06-30T15:41:31+00:00","breadcrumb":{"@id":"https:\/\/infopueblo.es\/v1\/index.php\/proposito\/#breadcrumb"},"inLanguage":"es","potentialAction":[{"@type":"ReadAction","target":["https:\/\/infopueblo.es\/v1\/index.php\/proposito\/"]}]},{"@type":"BreadcrumbList","@id":"https:\/\/infopueblo.es\/v1\/index.php\/proposito\/#breadcrumb","itemListElement":[{"@type":"ListItem","position":1,"name":"Portada","item":"https:\/\/infopueblo.es\/v1\/"},{"@type":"ListItem","position":2,"name":"Prop\u00f3sito"}]},{"@type":"WebSite","@id":"https:\/\/infopueblo.es\/v1\/#website","url":"https:\/\/infopueblo.es\/v1\/","name":"infopueblo","description":"Soluciones simples para los desaf\u00edos de la Espa\u00f1a Rural","publisher":{"@id":"https:\/\/infopueblo.es\/v1\/#organization"},"potentialAction":[{"@type":"SearchAction","target":{"@type":"EntryPoint","urlTemplate":"https:\/\/infopueblo.es\/v1\/?s={search_term_string}"},"query-input":{"@type":"PropertyValueSpecification","valueRequired":true,"valueName":"search_term_string"}}],"inLanguage":"es"},{"@type":"Organization","@id":"https:\/\/infopueblo.es\/v1\/#organization","name":"infopueblo","url":"https:\/\/infopueblo.es\/v1\/","logo":{"@type":"ImageObject","inLanguage":"es","@id":"https:\/\/infopueblo.es\/v1\/#\/schema\/logo\/image\/","url":"https:\/\/infopueblo.es\/v1\/wp-content\/uploads\/2025\/06\/INFO-PUEBLO-Isotipo-letras.svg","contentUrl":"https:\/\/infopueblo.es\/v1\/wp-content\/uploads\/2025\/06\/INFO-PUEBLO-Isotipo-letras.svg","width":336,"height":52,"caption":"infopueblo"},"image":{"@id":"https:\/\/infopueblo.es\/v1\/#\/schema\/logo\/image\/"}}]}},"_links":{"self":[{"href":"https:\/\/infopueblo.es\/v1\/index.php\/wp-json\/wp\/v2\/pages\/969","targetHints":{"allow":["GET"]}}],"collection":[{"href":"https:\/\/infopueblo.es\/v1\/index.php\/wp-json\/wp\/v2\/pages"}],"about":[{"href":"https:\/\/infopueblo.es\/v1\/index.php\/wp-json\/wp\/v2\/types\/page"}],"author":[{"embeddable":true,"href":"https:\/\/infopueblo.es\/v1\/index.php\/wp-json\/wp\/v2\/users\/1"}],"replies":[{"embeddable":true,"href":"https:\/\/infopueblo.es\/v1\/index.php\/wp-json\/wp\/v2\/comments?post=969"}],"version-history":[{"count":38,"href":"https:\/\/infopueblo.es\/v1\/index.php\/wp-json\/wp\/v2\/pages\/969\/revisions"}],"predecessor-version":[{"id":2055,"href":"https:\/\/infopueblo.es\/v1\/index.php\/wp-json\/wp\/v2\/pages\/969\/revisions\/2055"}],"wp:attachment":[{"href":"https:\/\/infopueblo.es\/v1\/index.php\/wp-json\/wp\/v2\/media?parent=969"}],"curies":[{"name":"wp","href":"https:\/\/api.w.org\/{rel}","templated":true}]}}