{"id":2133,"date":"2025-10-28T12:45:12","date_gmt":"2025-10-28T12:45:12","guid":{"rendered":"https:\/\/infopueblo.es\/v1\/?page_id=2133"},"modified":"2025-10-28T15:01:31","modified_gmt":"2025-10-28T15:01:31","slug":"colaboraciones","status":"publish","type":"page","link":"https:\/\/infopueblo.es\/v1\/index.php\/colaboraciones\/","title":{"rendered":"Colaboraciones"},"content":{"rendered":"\t\t<div data-elementor-type=\"wp-page\" data-elementor-id=\"2133\" class=\"elementor elementor-2133\">\n\t\t\t\t<div class=\"elementor-element elementor-element-24d3a25 e-con-full e-flex e-con e-parent\" data-id=\"24d3a25\" data-element_type=\"container\" data-settings=\"{&quot;background_background&quot;:&quot;classic&quot;}\">\n\t\t<div class=\"elementor-element elementor-element-79ee1ff e-con-full e-flex e-con e-child\" data-id=\"79ee1ff\" data-element_type=\"container\" data-settings=\"{&quot;background_background&quot;:&quot;classic&quot;}\">\n\t\t<div class=\"elementor-element elementor-element-1becb30 e-flex e-con-boxed e-con e-child\" data-id=\"1becb30\" data-element_type=\"container\">\n\t\t\t\t\t<div class=\"e-con-inner\">\n\t\t\t\t<div class=\"elementor-element elementor-element-9ba116b elementor-widget elementor-widget-shortcode\" data-id=\"9ba116b\" data-element_type=\"widget\" data-widget_type=\"shortcode.default\">\n\t\t\t\t<div class=\"elementor-widget-container\">\n\t\t\t\t\t\t\t<div class=\"elementor-shortcode\"><\/div>\n\t\t\t\t\t\t<\/div>\n\t\t\t\t<\/div>\n\t\t\t\t<div class=\"elementor-element elementor-element-2b6325b elementor-widget__width-initial elementor-widget-tablet__width-inherit elementor-widget elementor-widget-heading\" data-id=\"2b6325b\" data-element_type=\"widget\" data-widget_type=\"heading.default\">\n\t\t\t\t<div class=\"elementor-widget-container\">\n\t\t\t\t\t<h2 class=\"elementor-heading-title elementor-size-default\">Juntos,\nSuena mejor!...<\/h2>\t\t\t\t<\/div>\n\t\t\t\t<\/div>\n\t\t\t\t\t<\/div>\n\t\t\t\t<\/div>\n\t\t\t\t<\/div>\n\t\t\t\t<\/div>\n\t\t<div class=\"elementor-element elementor-element-1f21a73 e-flex e-con-boxed e-con e-parent\" data-id=\"1f21a73\" data-element_type=\"container\" data-settings=\"{&quot;background_background&quot;:&quot;classic&quot;}\">\n\t\t\t\t\t<div class=\"e-con-inner\">\n\t\t<div class=\"elementor-element elementor-element-59d71cc e-grid e-con-boxed e-con e-child\" data-id=\"59d71cc\" data-element_type=\"container\" data-settings=\"{&quot;background_background&quot;:&quot;classic&quot;}\">\n\t\t\t\t\t<div class=\"e-con-inner\">\n\t\t\t\t<div class=\"elementor-element elementor-element-00eabe5 elementor-widget elementor-widget-icon-box\" data-id=\"00eabe5\" data-element_type=\"widget\" data-widget_type=\"icon-box.default\">\n\t\t\t\t<div class=\"elementor-widget-container\">\n\t\t\t\t\t\t\t<div class=\"elementor-icon-box-wrapper\">\n\n\t\t\t\n\t\t\t\t\t\t<div class=\"elementor-icon-box-content\">\n\n\t\t\t\t\t\t\t\t\t<h5 class=\"elementor-icon-box-title\">\n\t\t\t\t\t\t<span  >\n\t\t\t\t\t\t\tColaboraciones y alianzas locales\t\t\t\t\t\t<\/span>\n\t\t\t\t\t<\/h5>\n\t\t\t\t\n\t\t\t\t\t\t\t\t\t<p class=\"elementor-icon-box-description\">\n\t\t\t\t\t\t<p style=\"font-size:14px;color:#070707;margin-bottom:24px\">\n  <i><b>\n  INFO PUEBLO colabora con ayuntamientos, mancomunidades y grupos de acci\u00f3n local que buscan fortalecer la identidad y la comunicaci\u00f3n de sus pueblos.<br><br>\n  Nuestro trabajo no se basa en plantillas ni en modelos est\u00e1ndar. Cada emisora se dise\u00f1a desde cero, con su propio sonido, su estilo musical, sus voces y sus mensajes.<br><br>\n  No vendemos \u201cuna radio\u201d: creamos un espacio de expresi\u00f3n y pertenencia, hecho a medida de cada comunidad.<br><br>\n  Si represent\u00e1s una instituci\u00f3n o una asociaci\u00f3n rural, podemos explorar juntos f\u00f3rmulas de colaboraci\u00f3n que ayuden a impulsar la participaci\u00f3n y la vida local.\n  <\/b><\/i>\n<\/p>\n\n<strong style=\"color:#070707\"><em>\u00bfTu organizaci\u00f3n impulsa la vida rural?<\/em><\/strong>\n\n<p style=\"font-size:16px;color:#070707;margin-bottom:24px\">\n  Hablemos sobre c\u00f3mo sumar fuerzas.\n<\/p>\n\n<div style=\"margin-top:30px;text-align:center\">\n  <a href=\"https:\/\/infopueblo.es\/v1\/index.php\/contacto\/\" class=\"charlar-btn\" style=\"background-color:#FFD500;color:black;padding:15px 30px;border-radius:20px;font-weight:bold;font-size:18px;text-decoration:none\">\n     \ud83d\udcac Charlamos ?\n  <\/a>\n<\/div>\n\n\t\t\t\t\t<\/p>\n\t\t\t\t\n\t\t\t<\/div>\n\t\t\t\n\t\t<\/div>\n\t\t\t\t\t\t<\/div>\n\t\t\t\t<\/div>\n\t\t\t\t\t<\/div>\n\t\t\t\t<\/div>\n\t\t\t\t\t<\/div>\n\t\t\t\t<\/div>\n\t\t\t\t<\/div>\n\t\t","protected":false},"excerpt":{"rendered":"<p>Juntos, Suena mejor!&#8230; Colaboraciones y alianzas locales INFO PUEBLO colabora con ayuntamientos, mancomunidades y grupos de acci\u00f3n local que buscan fortalecer la identidad y la comunicaci\u00f3n de sus pueblos. Nuestro trabajo no se basa en plantillas ni en modelos est\u00e1ndar. Cada emisora se dise\u00f1a desde cero, con su propio sonido, su estilo musical, sus voces [&hellip;]<\/p>\n","protected":false},"author":1,"featured_media":0,"parent":0,"menu_order":0,"comment_status":"closed","ping_status":"closed","template":"","meta":{"footnotes":""},"class_list":["post-2133","page","type-page","status-publish","hentry"],"blocksy_meta":{"page_title_panel":"","has_hero_section":"disabled","97ee15f25a4197e406aa66b5a6e1cc4a":"","hero_section":"type-1","hero_elements":[{"id":"custom_title","enabled":true,"heading_tag":"h1","title":"Home"},{"id":"custom_description","enabled":true,"description_visibility":{"desktop":true,"tablet":true,"mobile":false}},{"id":"custom_meta","enabled":false,"meta_elements":[{"id":"author","enabled":true,"label":"By","has_author_avatar":"yes","avatar_size":25},{"id":"post_date","enabled":true,"label":"On","date_format_source":"default","date_format":"M j, Y"},{"id":"updated_date","enabled":false,"label":"On","date_format_source":"default","date_format":"M j, Y"},{"id":"categories","enabled":false,"label":"In","style":"simple"},{"id":"comments","enabled":true}],"page_meta_elements":{"joined":true,"articles_count":true,"comments":true}},{"id":"breadcrumbs","enabled":false}],"e383a482344f65eacb9516af82d8ed80":"","hero_alignment1":"CT_CSS_SKIP_RULE","hero_margin":40,"hero_alignment2":"center","hero_vertical_alignment":"center","aa7b568f8a77bfd0b9648c22ccb00685":"","hero_structure":"narrow","b4ba0b41affd6111d96beeceb6f9817f":"","page_title_bg_type":"featured_image","custom_hero_background":{"attachment_id":null},"page_title_image_size":"full","parallax":{"desktop":false,"tablet":false,"mobile":false},"14d5fc5fd9b9278b692d6150f1075e8a":"","hero_height":"250px","pageTitleFont":{"family":"Default","variation":"Default","size":"30px","line-height":"CT_CSS_SKIP_RULE","letter-spacing":"CT_CSS_SKIP_RULE","text-transform":"CT_CSS_SKIP_RULE","text-decoration":"CT_CSS_SKIP_RULE"},"pageTitleFontColor":{"default":{"color":"CT_CSS_SKIP_RULEDEFAULT"}},"pageMetaFont":{"family":"Default","variation":"n6","size":"12px","line-height":"1.3","letter-spacing":"CT_CSS_SKIP_RULE","text-transform":"uppercase","text-decoration":"CT_CSS_SKIP_RULE"},"pageMetaFontColor":{"default":{"color":"CT_CSS_SKIP_RULEDEFAULT"},"hover":{"color":"CT_CSS_SKIP_RULEDEFAULT"}},"page_meta_button_type_font_colors":{"default":{"color":"CT_CSS_SKIP_RULEDEFAULT"},"hover":{"color":"CT_CSS_SKIP_RULEDEFAULT"}},"page_meta_button_type_background_colors":{"default":{"color":"CT_CSS_SKIP_RULEDEFAULT"},"hover":{"color":"CT_CSS_SKIP_RULEDEFAULT"}},"pageExcerptFont":{"family":"Default","variation":"Default","size":"CT_CSS_SKIP_RULE","line-height":"CT_CSS_SKIP_RULE","letter-spacing":"CT_CSS_SKIP_RULE","text-transform":"CT_CSS_SKIP_RULE","text-decoration":"CT_CSS_SKIP_RULE"},"pageExcerptColor":{"default":{"color":"CT_CSS_SKIP_RULEDEFAULT"}},"breadcrumbsFont":{"family":"Default","variation":"Default","size":"CT_CSS_SKIP_RULE","line-height":"CT_CSS_SKIP_RULE","letter-spacing":"CT_CSS_SKIP_RULE","text-transform":"CT_CSS_SKIP_RULE","text-decoration":"CT_CSS_SKIP_RULE"},"breadcrumbsFontColor":{"default":{"color":"CT_CSS_SKIP_RULEDEFAULT"},"initial":{"color":"CT_CSS_SKIP_RULEDEFAULT"},"hover":{"color":"CT_CSS_SKIP_RULEDEFAULT"}},"pageTitleOverlay":{"background_type":"color","background_pattern":"type-1","background_image":{"attachment_id":null,"x":0,"y":0},"gradient":"linear-gradient(135deg,rgba(6,147,227,1) 0%,rgb(155,81,224) 100%)","background_repeat":"repeat","background_size":"auto","background_attachment":"scroll","patternColor":{"default":{"color":"#e5e7ea"}},"overlayColor":{"default":{"color":"CT_CSS_SKIP_RULE"}},"backgroundColor":{"default":{"color":"CT_CSS_SKIP_RULE"}}},"pageTitleBackground":{"background_type":"color","background_pattern":"type-1","background_image":{"attachment_id":null,"x":0,"y":0},"gradient":"linear-gradient(135deg,rgba(6,147,227,1) 0%,rgb(155,81,224) 100%)","background_repeat":"repeat","background_size":"auto","background_attachment":"scroll","patternColor":{"default":{"color":"#e5e7ea"}},"overlayColor":{"default":{"color":"CT_CSS_SKIP_RULE"}},"backgroundColor":{"default":{"color":"var(--theme-palette-color-6)"}}},"pageTitlePadding":{"top":"50px","bottom":"50px","left":"auto","right":"auto","linked":true},"202f0cbc398d714e048b39197ae71e6d":"","page_structure_type":"default","854bd40f7f8b4d7a95aa3e0f49708ea4":"","content_style_source":"inherit","content_style":"wide","vertical_spacing_source":"custom","content_area_spacing":"none","background":{"background_type":"color","background_pattern":"type-1","background_image":{"attachment_id":null,"x":0,"y":0},"gradient":"linear-gradient(135deg,rgba(6,147,227,1) 0%,rgb(155,81,224) 100%)","background_repeat":"repeat","background_size":"auto","background_attachment":"scroll","patternColor":{"default":{"color":"#e5e7ea"}},"overlayColor":{"default":{"color":"CT_CSS_SKIP_RULE"}},"backgroundColor":{"default":{"color":"CT_CSS_SKIP_RULE"}}},"content_background":{"background_type":"color","background_pattern":"type-1","background_image":{"attachment_id":null,"x":0,"y":0},"gradient":"linear-gradient(135deg,rgba(6,147,227,1) 0%,rgb(155,81,224) 100%)","background_repeat":"repeat","background_size":"auto","background_attachment":"scroll","patternColor":{"default":{"color":"#e5e7ea"}},"overlayColor":{"default":{"color":"CT_CSS_SKIP_RULE"}},"backgroundColor":{"default":{"color":"var(--theme-palette-color-8)"}}},"content_boxed_shadow":{"inherit":false,"blur":18,"spread":-6,"v_offset":12,"h_offset":0,"inset":false,"enable":true,"color":{"color":"rgba(34, 56, 101, 0.04)"}},"content_boxed_border":{"width":1,"style":"none","color":{"color":"rgba(44,62,80,0.2)"}},"content_boxed_radius":{"top":"3px","bottom":"3px","left":"3px","right":"3px","linked":true},"boxed_content_spacing":{"desktop":{"top":"40px","bottom":"40px","left":"40px","right":"40px","linked":true},"tablet":{"top":"35px","bottom":"35px","left":"35px","right":"35px","linked":true},"mobile":{"top":"20px","bottom":"20px","left":"20px","right":"20px","linked":true}},"b0da049bbc9a67cf3a03559f10c8de95":"","disable_featured_image":"no","disable_share_box":"no","disable_header":"no","disable_footer":"no","styles_descriptor":{"styles":{"desktop":"","tablet":"","mobile":""},"google_fonts":[],"version":6}},"yoast_head":"<!-- This site is optimized with the Yoast SEO plugin v26.3 - https:\/\/yoast.com\/wordpress\/plugins\/seo\/ -->\n<title>Colaboraciones - infopueblo<\/title>\n<meta name=\"robots\" content=\"index, follow, max-snippet:-1, max-image-preview:large, max-video-preview:-1\" \/>\n<link rel=\"canonical\" href=\"https:\/\/infopueblo.es\/v1\/index.php\/colaboraciones\/\" \/>\n<meta property=\"og:locale\" content=\"es_ES\" \/>\n<meta property=\"og:type\" content=\"article\" \/>\n<meta property=\"og:title\" content=\"Colaboraciones - infopueblo\" \/>\n<meta property=\"og:description\" content=\"Juntos, Suena mejor!&#8230; Colaboraciones y alianzas locales INFO PUEBLO colabora con ayuntamientos, mancomunidades y grupos de acci\u00f3n local que buscan fortalecer la identidad y la comunicaci\u00f3n de sus pueblos. Nuestro trabajo no se basa en plantillas ni en modelos est\u00e1ndar. Cada emisora se dise\u00f1a desde cero, con su propio sonido, su estilo musical, sus voces [&hellip;]\" \/>\n<meta property=\"og:url\" content=\"https:\/\/infopueblo.es\/v1\/index.php\/colaboraciones\/\" \/>\n<meta property=\"og:site_name\" content=\"infopueblo\" \/>\n<meta property=\"article:modified_time\" content=\"2025-10-28T15:01:31+00:00\" \/>\n<meta name=\"twitter:card\" content=\"summary_large_image\" \/>\n<meta name=\"twitter:label1\" content=\"Tiempo de lectura\" \/>\n\t<meta name=\"twitter:data1\" content=\"1 minuto\" \/>\n<script type=\"application\/ld+json\" class=\"yoast-schema-graph\">{\"@context\":\"https:\/\/schema.org\",\"@graph\":[{\"@type\":\"WebPage\",\"@id\":\"https:\/\/infopueblo.es\/v1\/index.php\/colaboraciones\/\",\"url\":\"https:\/\/infopueblo.es\/v1\/index.php\/colaboraciones\/\",\"name\":\"Colaboraciones - infopueblo\",\"isPartOf\":{\"@id\":\"https:\/\/infopueblo.es\/v1\/#website\"},\"datePublished\":\"2025-10-28T12:45:12+00:00\",\"dateModified\":\"2025-10-28T15:01:31+00:00\",\"breadcrumb\":{\"@id\":\"https:\/\/infopueblo.es\/v1\/index.php\/colaboraciones\/#breadcrumb\"},\"inLanguage\":\"es\",\"potentialAction\":[{\"@type\":\"ReadAction\",\"target\":[\"https:\/\/infopueblo.es\/v1\/index.php\/colaboraciones\/\"]}]},{\"@type\":\"BreadcrumbList\",\"@id\":\"https:\/\/infopueblo.es\/v1\/index.php\/colaboraciones\/#breadcrumb\",\"itemListElement\":[{\"@type\":\"ListItem\",\"position\":1,\"name\":\"Portada\",\"item\":\"https:\/\/infopueblo.es\/v1\/\"},{\"@type\":\"ListItem\",\"position\":2,\"name\":\"Colaboraciones\"}]},{\"@type\":\"WebSite\",\"@id\":\"https:\/\/infopueblo.es\/v1\/#website\",\"url\":\"https:\/\/infopueblo.es\/v1\/\",\"name\":\"infopueblo\",\"description\":\"Soluciones simples para los desaf\u00edos de la Espa\u00f1a Rural\",\"publisher\":{\"@id\":\"https:\/\/infopueblo.es\/v1\/#organization\"},\"potentialAction\":[{\"@type\":\"SearchAction\",\"target\":{\"@type\":\"EntryPoint\",\"urlTemplate\":\"https:\/\/infopueblo.es\/v1\/?s={search_term_string}\"},\"query-input\":{\"@type\":\"PropertyValueSpecification\",\"valueRequired\":true,\"valueName\":\"search_term_string\"}}],\"inLanguage\":\"es\"},{\"@type\":\"Organization\",\"@id\":\"https:\/\/infopueblo.es\/v1\/#organization\",\"name\":\"infopueblo\",\"url\":\"https:\/\/infopueblo.es\/v1\/\",\"logo\":{\"@type\":\"ImageObject\",\"inLanguage\":\"es\",\"@id\":\"https:\/\/infopueblo.es\/v1\/#\/schema\/logo\/image\/\",\"url\":\"https:\/\/infopueblo.es\/v1\/wp-content\/uploads\/2025\/06\/INFO-PUEBLO-Isotipo-letras.svg\",\"contentUrl\":\"https:\/\/infopueblo.es\/v1\/wp-content\/uploads\/2025\/06\/INFO-PUEBLO-Isotipo-letras.svg\",\"width\":336,\"height\":52,\"caption\":\"infopueblo\"},\"image\":{\"@id\":\"https:\/\/infopueblo.es\/v1\/#\/schema\/logo\/image\/\"}}]}<\/script>\n<!-- \/ Yoast SEO plugin. -->","yoast_head_json":{"title":"Colaboraciones - infopueblo","robots":{"index":"index","follow":"follow","max-snippet":"max-snippet:-1","max-image-preview":"max-image-preview:large","max-video-preview":"max-video-preview:-1"},"canonical":"https:\/\/infopueblo.es\/v1\/index.php\/colaboraciones\/","og_locale":"es_ES","og_type":"article","og_title":"Colaboraciones - infopueblo","og_description":"Juntos, Suena mejor!&#8230; Colaboraciones y alianzas locales INFO PUEBLO colabora con ayuntamientos, mancomunidades y grupos de acci\u00f3n local que buscan fortalecer la identidad y la comunicaci\u00f3n de sus pueblos. Nuestro trabajo no se basa en plantillas ni en modelos est\u00e1ndar. Cada emisora se dise\u00f1a desde cero, con su propio sonido, su estilo musical, sus voces [&hellip;]","og_url":"https:\/\/infopueblo.es\/v1\/index.php\/colaboraciones\/","og_site_name":"infopueblo","article_modified_time":"2025-10-28T15:01:31+00:00","twitter_card":"summary_large_image","twitter_misc":{"Tiempo de lectura":"1 minuto"},"schema":{"@context":"https:\/\/schema.org","@graph":[{"@type":"WebPage","@id":"https:\/\/infopueblo.es\/v1\/index.php\/colaboraciones\/","url":"https:\/\/infopueblo.es\/v1\/index.php\/colaboraciones\/","name":"Colaboraciones - infopueblo","isPartOf":{"@id":"https:\/\/infopueblo.es\/v1\/#website"},"datePublished":"2025-10-28T12:45:12+00:00","dateModified":"2025-10-28T15:01:31+00:00","breadcrumb":{"@id":"https:\/\/infopueblo.es\/v1\/index.php\/colaboraciones\/#breadcrumb"},"inLanguage":"es","potentialAction":[{"@type":"ReadAction","target":["https:\/\/infopueblo.es\/v1\/index.php\/colaboraciones\/"]}]},{"@type":"BreadcrumbList","@id":"https:\/\/infopueblo.es\/v1\/index.php\/colaboraciones\/#breadcrumb","itemListElement":[{"@type":"ListItem","position":1,"name":"Portada","item":"https:\/\/infopueblo.es\/v1\/"},{"@type":"ListItem","position":2,"name":"Colaboraciones"}]},{"@type":"WebSite","@id":"https:\/\/infopueblo.es\/v1\/#website","url":"https:\/\/infopueblo.es\/v1\/","name":"infopueblo","description":"Soluciones simples para los desaf\u00edos de la Espa\u00f1a Rural","publisher":{"@id":"https:\/\/infopueblo.es\/v1\/#organization"},"potentialAction":[{"@type":"SearchAction","target":{"@type":"EntryPoint","urlTemplate":"https:\/\/infopueblo.es\/v1\/?s={search_term_string}"},"query-input":{"@type":"PropertyValueSpecification","valueRequired":true,"valueName":"search_term_string"}}],"inLanguage":"es"},{"@type":"Organization","@id":"https:\/\/infopueblo.es\/v1\/#organization","name":"infopueblo","url":"https:\/\/infopueblo.es\/v1\/","logo":{"@type":"ImageObject","inLanguage":"es","@id":"https:\/\/infopueblo.es\/v1\/#\/schema\/logo\/image\/","url":"https:\/\/infopueblo.es\/v1\/wp-content\/uploads\/2025\/06\/INFO-PUEBLO-Isotipo-letras.svg","contentUrl":"https:\/\/infopueblo.es\/v1\/wp-content\/uploads\/2025\/06\/INFO-PUEBLO-Isotipo-letras.svg","width":336,"height":52,"caption":"infopueblo"},"image":{"@id":"https:\/\/infopueblo.es\/v1\/#\/schema\/logo\/image\/"}}]}},"_links":{"self":[{"href":"https:\/\/infopueblo.es\/v1\/index.php\/wp-json\/wp\/v2\/pages\/2133","targetHints":{"allow":["GET"]}}],"collection":[{"href":"https:\/\/infopueblo.es\/v1\/index.php\/wp-json\/wp\/v2\/pages"}],"about":[{"href":"https:\/\/infopueblo.es\/v1\/index.php\/wp-json\/wp\/v2\/types\/page"}],"author":[{"embeddable":true,"href":"https:\/\/infopueblo.es\/v1\/index.php\/wp-json\/wp\/v2\/users\/1"}],"replies":[{"embeddable":true,"href":"https:\/\/infopueblo.es\/v1\/index.php\/wp-json\/wp\/v2\/comments?post=2133"}],"version-history":[{"count":16,"href":"https:\/\/infopueblo.es\/v1\/index.php\/wp-json\/wp\/v2\/pages\/2133\/revisions"}],"predecessor-version":[{"id":2173,"href":"https:\/\/infopueblo.es\/v1\/index.php\/wp-json\/wp\/v2\/pages\/2133\/revisions\/2173"}],"wp:attachment":[{"href":"https:\/\/infopueblo.es\/v1\/index.php\/wp-json\/wp\/v2\/media?parent=2133"}],"curies":[{"name":"wp","href":"https:\/\/api.w.org\/{rel}","templated":true}]}}