{"id":1952,"date":"2025-06-30T13:45:03","date_gmt":"2025-06-30T13:45:03","guid":{"rendered":"https:\/\/infopueblo.es\/v1\/?page_id=1952"},"modified":"2025-10-28T15:17:36","modified_gmt":"2025-10-28T15:17:36","slug":"quien-esta-detras","status":"publish","type":"page","link":"https:\/\/infopueblo.es\/v1\/index.php\/quien-esta-detras\/","title":{"rendered":"Qui\u00e9n est\u00e1 detr\u00e1s?"},"content":{"rendered":"\t\t<div data-elementor-type=\"wp-page\" data-elementor-id=\"1952\" class=\"elementor elementor-1952\">\n\t\t\t\t<div class=\"elementor-element elementor-element-24d3a25 e-con-full e-flex e-con e-parent\" data-id=\"24d3a25\" data-element_type=\"container\" data-settings=\"{&quot;background_background&quot;:&quot;classic&quot;}\">\n\t\t<div class=\"elementor-element elementor-element-79ee1ff e-con-full e-flex e-con e-child\" data-id=\"79ee1ff\" data-element_type=\"container\" data-settings=\"{&quot;background_background&quot;:&quot;classic&quot;}\">\n\t\t<div class=\"elementor-element elementor-element-1becb30 e-flex e-con-boxed e-con e-child\" data-id=\"1becb30\" data-element_type=\"container\">\n\t\t\t\t\t<div class=\"e-con-inner\">\n\t\t\t\t<div class=\"elementor-element elementor-element-9ba116b elementor-widget elementor-widget-shortcode\" data-id=\"9ba116b\" data-element_type=\"widget\" data-widget_type=\"shortcode.default\">\n\t\t\t\t<div class=\"elementor-widget-container\">\n\t\t\t\t\t\t\t<div class=\"elementor-shortcode\"><\/div>\n\t\t\t\t\t\t<\/div>\n\t\t\t\t<\/div>\n\t\t\t\t<div class=\"elementor-element elementor-element-2b6325b elementor-widget__width-initial elementor-widget-tablet__width-inherit elementor-widget elementor-widget-heading\" data-id=\"2b6325b\" data-element_type=\"widget\" data-widget_type=\"heading.default\">\n\t\t\t\t<div class=\"elementor-widget-container\">\n\t\t\t\t\t<h2 class=\"elementor-heading-title elementor-size-default\">Sabemos como hacerlo!...<\/h2>\t\t\t\t<\/div>\n\t\t\t\t<\/div>\n\t\t\t\t\t<\/div>\n\t\t\t\t<\/div>\n\t\t\t\t<\/div>\n\t\t\t\t<\/div>\n\t\t<div class=\"elementor-element elementor-element-1f21a73 e-flex e-con-boxed e-con e-parent\" data-id=\"1f21a73\" data-element_type=\"container\" data-settings=\"{&quot;background_background&quot;:&quot;classic&quot;}\">\n\t\t\t\t\t<div class=\"e-con-inner\">\n\t\t<div class=\"elementor-element elementor-element-59d71cc e-grid e-con-full e-con e-child\" data-id=\"59d71cc\" data-element_type=\"container\" data-settings=\"{&quot;background_background&quot;:&quot;classic&quot;}\">\n\t\t\t\t<div class=\"elementor-element elementor-element-81efce6 elementor-widget elementor-widget-icon-box\" data-id=\"81efce6\" data-element_type=\"widget\" data-widget_type=\"icon-box.default\">\n\t\t\t\t<div class=\"elementor-widget-container\">\n\t\t\t\t\t\t\t<div class=\"elementor-icon-box-wrapper\">\n\n\t\t\t\n\t\t\t\t\t\t<div class=\"elementor-icon-box-content\">\n\n\t\t\t\t\n\t\t\t\t\t\t\t\t\t<p class=\"elementor-icon-box-description\">\n\t\t\t\t\t\t<p style=\"font-style: normal;font-weight: 400;font-size: 16px;margin-block-end: 24px\"><span style=\"font-size: 25px;font-weight: 800\">Quienes somos<\/span><\/p><p data-start=\"1466\" data-end=\"1581\" style=\"font-style: normal;font-weight: 400;font-size: 16px;margin-block-end: 24px\">INFO PUEBLO es un proyecto creado por alguien que lleva m\u00e1s de 30 a\u00f1os trabajando en comunicaci\u00f3n, dise\u00f1o y medios.<\/p><p data-start=\"1583\" data-end=\"1766\" style=\"font-style: normal;font-weight: 400;font-size: 16px;margin-block-end: 24px\">Mi nombre es&nbsp;<strong data-start=\"1596\" data-end=\"1623\">Roberto Fabi\u00e1n Nardelli<\/strong>, y he recorrido muchas etapas: desde el mundo gr\u00e1fico y editorial, hasta la conducci\u00f3n de programas de radio, televisi\u00f3n y portales digitales.<\/p><p data-start=\"1768\" data-end=\"2049\" style=\"font-style: normal;font-weight: 400;font-size: 16px;margin-block-end: 24px\">Durante m\u00e1s de una d\u00e9cada dirig\u00ed&nbsp;<strong data-start=\"1801\" data-end=\"1819\">FM Nativa 96.9<\/strong>, produje contenidos como&nbsp;<em data-start=\"1845\" data-end=\"1859\">Ca\u00edste Justo<\/em>&nbsp;y&nbsp;<em data-start=\"1862\" data-end=\"1878\">Pone la Quinta<\/em>, y fund\u00e9 iniciativas como&nbsp;<strong data-start=\"1905\" data-end=\"1918\">Faby Graf<\/strong>, reconocida por la revista estadounidense&nbsp;<em data-start=\"1961\" data-end=\"1981\">Signs of the Times<\/em>, o&nbsp;<strong data-start=\"1985\" data-end=\"2005\">SuEmisora.com.ar<\/strong>, pionera en el streaming de radios locales.<\/p><p data-start=\"2051\" data-end=\"2214\" style=\"font-style: normal;font-weight: 400;font-size: 16px;margin-block-end: 24px\">INFO PUEBLO nace de toda esa experiencia, pero tambi\u00e9n de una convicci\u00f3n:&nbsp;<strong data-start=\"2125\" data-end=\"2179\">la tecnolog\u00eda puede estar al servicio de lo humano<\/strong>, de lo cercano, de lo que nos une.<\/p><p data-start=\"2216\" data-end=\"2385\" style=\"font-style: normal;font-weight: 400;font-size: 16px;margin-block-end: 24px\">Hoy todo eso toma forma en<\/p><p data-start=\"1031\" data-end=\"1240\" style=\"font-style: normal;font-weight: 400;font-size: 16px;margin-block-end: 24px\">Hoy todo eso toma forma en&nbsp;<strong data-start=\"1058\" data-end=\"1073\">Virtualsist<\/strong>, una empresa en expansi\u00f3n dedicada a la digitalizaci\u00f3n de procesos, automatizaci\u00f3n inteligente y aplicaci\u00f3n de IA en entornos reales.<br data-start=\"1207\" data-end=\"1210\">O como decimos internamente\u2026&nbsp;<strong data-start=\"1243\" data-end=\"1284\" style=\"font-family: inherit;font-size: inherit;font-style: inherit\">Virtualsist.<\/strong><strong data-start=\"1243\" data-end=\"1284\" style=\"font-family: inherit;font-size: inherit\"><i>&nbsp;Locos por digitalizarte<\/i><\/strong><strong data-start=\"1243\" data-end=\"1284\" style=\"font-family: inherit;font-size: inherit;font-style: inherit\">.<\/strong><\/p><p data-start=\"2432\" data-end=\"2699\" style=\"font-style: normal;font-weight: 400;font-size: 16px;margin-block-end: 24px\">Proyectos como&nbsp;<span><a class=\"\" href=\"https:\/\/www.delpueblomio.com\/\" target=\"_new\" rel=\"noopener\" data-start=\"2447\" data-end=\"2499\"><strong data-start=\"2448\" data-end=\"2468\">DelPuebloMio.com<\/strong><\/a><\/span>&nbsp;\u2014un portal con tres radios integradas\u2014 son ejemplos de lo que ya estamos haciendo. INFO PUEBLO era el siguiente paso: una soluci\u00f3n concreta para que los pueblos&nbsp;<strong data-start=\"2660\" data-end=\"2698\">vuelvan a escucharse y hacerse o\u00edr, <\/strong> y eso hoy <strong>ya paso de ser proyecto <\/strong>para <strong>convertirse en REALIDAD.<\/strong>.<\/p><p data-start=\"2701\" data-end=\"2789\" style=\"font-style: normal;font-weight: 400;font-size: 16px;margin-block-end: 24px\">No somos una gran compa\u00f1\u00eda.<br data-start=\"2728\" data-end=\"2731\">Y quiz\u00e1s por eso, a cada proyecto lo acompa\u00f1o personalmente.<\/p>\t\t\t\t\t<\/p>\n\t\t\t\t\n\t\t\t<\/div>\n\t\t\t\n\t\t<\/div>\n\t\t\t\t\t\t<\/div>\n\t\t\t\t<\/div>\n\t\t\t\t<div class=\"elementor-element elementor-element-00eabe5 elementor-widget elementor-widget-icon-box\" data-id=\"00eabe5\" data-element_type=\"widget\" data-widget_type=\"icon-box.default\">\n\t\t\t\t<div class=\"elementor-widget-container\">\n\t\t\t\t\t\t\t<div class=\"elementor-icon-box-wrapper\">\n\n\t\t\t\n\t\t\t\t\t\t<div class=\"elementor-icon-box-content\">\n\n\t\t\t\t\n\t\t\t\t\t\t\t\t\t<p class=\"elementor-icon-box-description\">\n\t\t\t\t\t\t<h4 style=\"--theme-font-size:25px;font-size:25px;font-weight:800;line-height:1.5;color:#140801;margin-block-end:17.5px\">\n  Sobre m\u00ed:\n<\/h4>\n\n<p style=\"font-size:16px;color:#070707;margin-bottom:24px\">\n  Soy argentino, vivo en Portugal, y vengo del mundo de la gr\u00e1fica, la radio y la tecnolog\u00eda.<br>\n  Me gusta crear cosas \u00fatiles. Proyectos que sirvan.<br>\n  Y si con eso puedo ayudar a que un pueblo recupere su voz\u2026 entonces todo tiene sentido.<br><br>\n\n  A lo largo de mi vida laboral dirig\u00ed proyectos en radio, televisi\u00f3n, prensa gr\u00e1fica y plataformas digitales.<br>\n  Siempre apost\u00e9 por combinar creatividad, tecnolog\u00eda y compromiso social.<br>\n  Algunos de esos proyectos lograron reconocimiento internacional... pero lo que m\u00e1s valoro es haber ayudado a que muchas personas puedan expresarse, ser escuchadas y reencontrarse con su comunidad.\n<\/p>\n\n<strong style=\"color:#070707\">\n  <em>Roberto Fabi\u00e1n Nardelli<\/em>\n<\/strong>\n\n<!-- IMAGEN -->\n<div style=\"margin-top:20px;text-align:center\">\n  <img decoding=\"async\" src=\"https:\/\/infopueblo.es\/v1\/wp-content\/uploads\/2025\/07\/faby-2.jpg\" alt=\"Foto de Roberto Fabi\u00e1n Nardelli\" style=\"max-width:100%;height:auto;border-radius:8px\">\n<\/div>\n\n<!-- BOT\u00d3N CHARLAMOS -->\n<div style=\"margin-top:30px;text-align:center\">\n  <a href=\"https:\/\/infopueblo.es\/v1\/index.php\/contacto\/\" class=\"charlar-btn\" style=\"background-color:#FFD500;color:black;padding:15px 30px;border-radius:20px;font-weight:bold;font-size:18px;text-decoration:none\">\n     \ud83d\udcac Charlamos ?\n  <\/a>\n<\/div>\n\n\t\t\t\t\t<\/p>\n\t\t\t\t\n\t\t\t<\/div>\n\t\t\t\n\t\t<\/div>\n\t\t\t\t\t\t<\/div>\n\t\t\t\t<\/div>\n\t\t\t\t<\/div>\n\t\t\t\t\t<\/div>\n\t\t\t\t<\/div>\n\t\t\t\t<\/div>\n\t\t","protected":false},"excerpt":{"rendered":"<p>Sabemos como hacerlo!&#8230; Quienes somos INFO PUEBLO es un proyecto creado por alguien que lleva m\u00e1s de 30 a\u00f1os trabajando en comunicaci\u00f3n, dise\u00f1o y medios. Mi nombre es&nbsp;Roberto Fabi\u00e1n Nardelli, y he recorrido muchas etapas: desde el mundo gr\u00e1fico y editorial, hasta la conducci\u00f3n de programas de radio, televisi\u00f3n y portales digitales. Durante m\u00e1s de [&hellip;]<\/p>\n","protected":false},"author":1,"featured_media":0,"parent":0,"menu_order":0,"comment_status":"closed","ping_status":"closed","template":"","meta":{"footnotes":""},"class_list":["post-1952","page","type-page","status-publish","hentry"],"blocksy_meta":{"page_title_panel":"","has_hero_section":"disabled","97ee15f25a4197e406aa66b5a6e1cc4a":"","hero_section":"type-1","hero_elements":[{"id":"custom_title","enabled":true,"heading_tag":"h1","title":"Home"},{"id":"custom_description","enabled":true,"description_visibility":{"desktop":true,"tablet":true,"mobile":false}},{"id":"custom_meta","enabled":false,"meta_elements":[{"id":"author","enabled":true,"label":"By","has_author_avatar":"yes","avatar_size":25},{"id":"post_date","enabled":true,"label":"On","date_format_source":"default","date_format":"M j, Y"},{"id":"updated_date","enabled":false,"label":"On","date_format_source":"default","date_format":"M j, Y"},{"id":"categories","enabled":false,"label":"In","style":"simple"},{"id":"comments","enabled":true}],"page_meta_elements":{"joined":true,"articles_count":true,"comments":true}},{"id":"breadcrumbs","enabled":false}],"e383a482344f65eacb9516af82d8ed80":"","hero_alignment1":"CT_CSS_SKIP_RULE","hero_margin":40,"hero_alignment2":"center","hero_vertical_alignment":"center","aa7b568f8a77bfd0b9648c22ccb00685":"","hero_structure":"narrow","b4ba0b41affd6111d96beeceb6f9817f":"","page_title_bg_type":"featured_image","custom_hero_background":{"attachment_id":null},"page_title_image_size":"full","parallax":{"desktop":false,"tablet":false,"mobile":false},"14d5fc5fd9b9278b692d6150f1075e8a":"","hero_height":"250px","pageTitleFont":{"family":"Default","variation":"Default","size":"30px","line-height":"CT_CSS_SKIP_RULE","letter-spacing":"CT_CSS_SKIP_RULE","text-transform":"CT_CSS_SKIP_RULE","text-decoration":"CT_CSS_SKIP_RULE"},"pageTitleFontColor":{"default":{"color":"CT_CSS_SKIP_RULEDEFAULT"}},"pageMetaFont":{"family":"Default","variation":"n6","size":"12px","line-height":"1.3","letter-spacing":"CT_CSS_SKIP_RULE","text-transform":"uppercase","text-decoration":"CT_CSS_SKIP_RULE"},"pageMetaFontColor":{"default":{"color":"CT_CSS_SKIP_RULEDEFAULT"},"hover":{"color":"CT_CSS_SKIP_RULEDEFAULT"}},"page_meta_button_type_font_colors":{"default":{"color":"CT_CSS_SKIP_RULEDEFAULT"},"hover":{"color":"CT_CSS_SKIP_RULEDEFAULT"}},"page_meta_button_type_background_colors":{"default":{"color":"CT_CSS_SKIP_RULEDEFAULT"},"hover":{"color":"CT_CSS_SKIP_RULEDEFAULT"}},"pageExcerptFont":{"family":"Default","variation":"Default","size":"CT_CSS_SKIP_RULE","line-height":"CT_CSS_SKIP_RULE","letter-spacing":"CT_CSS_SKIP_RULE","text-transform":"CT_CSS_SKIP_RULE","text-decoration":"CT_CSS_SKIP_RULE"},"pageExcerptColor":{"default":{"color":"CT_CSS_SKIP_RULEDEFAULT"}},"breadcrumbsFont":{"family":"Default","variation":"Default","size":"CT_CSS_SKIP_RULE","line-height":"CT_CSS_SKIP_RULE","letter-spacing":"CT_CSS_SKIP_RULE","text-transform":"CT_CSS_SKIP_RULE","text-decoration":"CT_CSS_SKIP_RULE"},"breadcrumbsFontColor":{"default":{"color":"CT_CSS_SKIP_RULEDEFAULT"},"initial":{"color":"CT_CSS_SKIP_RULEDEFAULT"},"hover":{"color":"CT_CSS_SKIP_RULEDEFAULT"}},"pageTitleOverlay":{"background_type":"color","background_pattern":"type-1","background_image":{"attachment_id":null,"x":0,"y":0},"gradient":"linear-gradient(135deg,rgba(6,147,227,1) 0%,rgb(155,81,224) 100%)","background_repeat":"repeat","background_size":"auto","background_attachment":"scroll","patternColor":{"default":{"color":"#e5e7ea"}},"overlayColor":{"default":{"color":"CT_CSS_SKIP_RULE"}},"backgroundColor":{"default":{"color":"CT_CSS_SKIP_RULE"}}},"pageTitleBackground":{"background_type":"color","background_pattern":"type-1","background_image":{"attachment_id":null,"x":0,"y":0},"gradient":"linear-gradient(135deg,rgba(6,147,227,1) 0%,rgb(155,81,224) 100%)","background_repeat":"repeat","background_size":"auto","background_attachment":"scroll","patternColor":{"default":{"color":"#e5e7ea"}},"overlayColor":{"default":{"color":"CT_CSS_SKIP_RULE"}},"backgroundColor":{"default":{"color":"var(--theme-palette-color-6)"}}},"pageTitlePadding":{"top":"50px","bottom":"50px","left":"auto","right":"auto","linked":true},"202f0cbc398d714e048b39197ae71e6d":"","page_structure_type":"default","854bd40f7f8b4d7a95aa3e0f49708ea4":"","content_style_source":"inherit","content_style":"wide","vertical_spacing_source":"custom","content_area_spacing":"none","background":{"background_type":"color","background_pattern":"type-1","background_image":{"attachment_id":null,"x":0,"y":0},"gradient":"linear-gradient(135deg,rgba(6,147,227,1) 0%,rgb(155,81,224) 100%)","background_repeat":"repeat","background_size":"auto","background_attachment":"scroll","patternColor":{"default":{"color":"#e5e7ea"}},"overlayColor":{"default":{"color":"CT_CSS_SKIP_RULE"}},"backgroundColor":{"default":{"color":"CT_CSS_SKIP_RULE"}}},"content_background":{"background_type":"color","background_pattern":"type-1","background_image":{"attachment_id":null,"x":0,"y":0},"gradient":"linear-gradient(135deg,rgba(6,147,227,1) 0%,rgb(155,81,224) 100%)","background_repeat":"repeat","background_size":"auto","background_attachment":"scroll","patternColor":{"default":{"color":"#e5e7ea"}},"overlayColor":{"default":{"color":"CT_CSS_SKIP_RULE"}},"backgroundColor":{"default":{"color":"var(--theme-palette-color-8)"}}},"content_boxed_shadow":{"inherit":false,"blur":18,"spread":-6,"v_offset":12,"h_offset":0,"inset":false,"enable":true,"color":{"color":"rgba(34, 56, 101, 0.04)"}},"content_boxed_border":{"width":1,"style":"none","color":{"color":"rgba(44,62,80,0.2)"}},"content_boxed_radius":{"top":"3px","bottom":"3px","left":"3px","right":"3px","linked":true},"boxed_content_spacing":{"desktop":{"top":"40px","bottom":"40px","left":"40px","right":"40px","linked":true},"tablet":{"top":"35px","bottom":"35px","left":"35px","right":"35px","linked":true},"mobile":{"top":"20px","bottom":"20px","left":"20px","right":"20px","linked":true}},"b0da049bbc9a67cf3a03559f10c8de95":"","disable_featured_image":"no","disable_share_box":"no","disable_header":"no","disable_footer":"no","styles_descriptor":{"styles":{"desktop":"","tablet":"","mobile":""},"google_fonts":[],"version":6}},"yoast_head":"<!-- This site is optimized with the Yoast SEO plugin v26.3 - https:\/\/yoast.com\/wordpress\/plugins\/seo\/ -->\n<title>Qui\u00e9n est\u00e1 detr\u00e1s? - infopueblo<\/title>\n<meta name=\"robots\" content=\"index, follow, max-snippet:-1, max-image-preview:large, max-video-preview:-1\" \/>\n<link rel=\"canonical\" href=\"https:\/\/infopueblo.es\/v1\/index.php\/quien-esta-detras\/\" \/>\n<meta property=\"og:locale\" content=\"es_ES\" \/>\n<meta property=\"og:type\" content=\"article\" \/>\n<meta property=\"og:title\" content=\"Qui\u00e9n est\u00e1 detr\u00e1s? - infopueblo\" \/>\n<meta property=\"og:description\" content=\"Sabemos como hacerlo!&#8230; Quienes somos INFO PUEBLO es un proyecto creado por alguien que lleva m\u00e1s de 30 a\u00f1os trabajando en comunicaci\u00f3n, dise\u00f1o y medios. Mi nombre es&nbsp;Roberto Fabi\u00e1n Nardelli, y he recorrido muchas etapas: desde el mundo gr\u00e1fico y editorial, hasta la conducci\u00f3n de programas de radio, televisi\u00f3n y portales digitales. Durante m\u00e1s de [&hellip;]\" \/>\n<meta property=\"og:url\" content=\"https:\/\/infopueblo.es\/v1\/index.php\/quien-esta-detras\/\" \/>\n<meta property=\"og:site_name\" content=\"infopueblo\" \/>\n<meta property=\"article:modified_time\" content=\"2025-10-28T15:17:36+00:00\" \/>\n<meta property=\"og:image\" content=\"https:\/\/infopueblo.es\/v1\/wp-content\/uploads\/2025\/07\/faby-2.jpg\" \/>\n<meta name=\"twitter:card\" content=\"summary_large_image\" \/>\n<meta name=\"twitter:label1\" content=\"Tiempo de lectura\" \/>\n\t<meta name=\"twitter:data1\" content=\"1 minuto\" \/>\n<script type=\"application\/ld+json\" class=\"yoast-schema-graph\">{\"@context\":\"https:\/\/schema.org\",\"@graph\":[{\"@type\":\"WebPage\",\"@id\":\"https:\/\/infopueblo.es\/v1\/index.php\/quien-esta-detras\/\",\"url\":\"https:\/\/infopueblo.es\/v1\/index.php\/quien-esta-detras\/\",\"name\":\"Qui\u00e9n est\u00e1 detr\u00e1s? - infopueblo\",\"isPartOf\":{\"@id\":\"https:\/\/infopueblo.es\/v1\/#website\"},\"primaryImageOfPage\":{\"@id\":\"https:\/\/infopueblo.es\/v1\/index.php\/quien-esta-detras\/#primaryimage\"},\"image\":{\"@id\":\"https:\/\/infopueblo.es\/v1\/index.php\/quien-esta-detras\/#primaryimage\"},\"thumbnailUrl\":\"https:\/\/infopueblo.es\/v1\/wp-content\/uploads\/2025\/07\/faby-2.jpg\",\"datePublished\":\"2025-06-30T13:45:03+00:00\",\"dateModified\":\"2025-10-28T15:17:36+00:00\",\"breadcrumb\":{\"@id\":\"https:\/\/infopueblo.es\/v1\/index.php\/quien-esta-detras\/#breadcrumb\"},\"inLanguage\":\"es\",\"potentialAction\":[{\"@type\":\"ReadAction\",\"target\":[\"https:\/\/infopueblo.es\/v1\/index.php\/quien-esta-detras\/\"]}]},{\"@type\":\"ImageObject\",\"inLanguage\":\"es\",\"@id\":\"https:\/\/infopueblo.es\/v1\/index.php\/quien-esta-detras\/#primaryimage\",\"url\":\"https:\/\/infopueblo.es\/v1\/wp-content\/uploads\/2025\/07\/faby-2.jpg\",\"contentUrl\":\"https:\/\/infopueblo.es\/v1\/wp-content\/uploads\/2025\/07\/faby-2.jpg\",\"width\":378,\"height\":378},{\"@type\":\"BreadcrumbList\",\"@id\":\"https:\/\/infopueblo.es\/v1\/index.php\/quien-esta-detras\/#breadcrumb\",\"itemListElement\":[{\"@type\":\"ListItem\",\"position\":1,\"name\":\"Portada\",\"item\":\"https:\/\/infopueblo.es\/v1\/\"},{\"@type\":\"ListItem\",\"position\":2,\"name\":\"Qui\u00e9n est\u00e1 detr\u00e1s?\"}]},{\"@type\":\"WebSite\",\"@id\":\"https:\/\/infopueblo.es\/v1\/#website\",\"url\":\"https:\/\/infopueblo.es\/v1\/\",\"name\":\"infopueblo\",\"description\":\"Soluciones simples para los desaf\u00edos de la Espa\u00f1a Rural\",\"publisher\":{\"@id\":\"https:\/\/infopueblo.es\/v1\/#organization\"},\"potentialAction\":[{\"@type\":\"SearchAction\",\"target\":{\"@type\":\"EntryPoint\",\"urlTemplate\":\"https:\/\/infopueblo.es\/v1\/?s={search_term_string}\"},\"query-input\":{\"@type\":\"PropertyValueSpecification\",\"valueRequired\":true,\"valueName\":\"search_term_string\"}}],\"inLanguage\":\"es\"},{\"@type\":\"Organization\",\"@id\":\"https:\/\/infopueblo.es\/v1\/#organization\",\"name\":\"infopueblo\",\"url\":\"https:\/\/infopueblo.es\/v1\/\",\"logo\":{\"@type\":\"ImageObject\",\"inLanguage\":\"es\",\"@id\":\"https:\/\/infopueblo.es\/v1\/#\/schema\/logo\/image\/\",\"url\":\"https:\/\/infopueblo.es\/v1\/wp-content\/uploads\/2025\/06\/INFO-PUEBLO-Isotipo-letras.svg\",\"contentUrl\":\"https:\/\/infopueblo.es\/v1\/wp-content\/uploads\/2025\/06\/INFO-PUEBLO-Isotipo-letras.svg\",\"width\":336,\"height\":52,\"caption\":\"infopueblo\"},\"image\":{\"@id\":\"https:\/\/infopueblo.es\/v1\/#\/schema\/logo\/image\/\"}}]}<\/script>\n<!-- \/ Yoast SEO plugin. -->","yoast_head_json":{"title":"Qui\u00e9n est\u00e1 detr\u00e1s? - infopueblo","robots":{"index":"index","follow":"follow","max-snippet":"max-snippet:-1","max-image-preview":"max-image-preview:large","max-video-preview":"max-video-preview:-1"},"canonical":"https:\/\/infopueblo.es\/v1\/index.php\/quien-esta-detras\/","og_locale":"es_ES","og_type":"article","og_title":"Qui\u00e9n est\u00e1 detr\u00e1s? - infopueblo","og_description":"Sabemos como hacerlo!&#8230; Quienes somos INFO PUEBLO es un proyecto creado por alguien que lleva m\u00e1s de 30 a\u00f1os trabajando en comunicaci\u00f3n, dise\u00f1o y medios. Mi nombre es&nbsp;Roberto Fabi\u00e1n Nardelli, y he recorrido muchas etapas: desde el mundo gr\u00e1fico y editorial, hasta la conducci\u00f3n de programas de radio, televisi\u00f3n y portales digitales. Durante m\u00e1s de [&hellip;]","og_url":"https:\/\/infopueblo.es\/v1\/index.php\/quien-esta-detras\/","og_site_name":"infopueblo","article_modified_time":"2025-10-28T15:17:36+00:00","og_image":[{"url":"https:\/\/infopueblo.es\/v1\/wp-content\/uploads\/2025\/07\/faby-2.jpg","type":"","width":"","height":""}],"twitter_card":"summary_large_image","twitter_misc":{"Tiempo de lectura":"1 minuto"},"schema":{"@context":"https:\/\/schema.org","@graph":[{"@type":"WebPage","@id":"https:\/\/infopueblo.es\/v1\/index.php\/quien-esta-detras\/","url":"https:\/\/infopueblo.es\/v1\/index.php\/quien-esta-detras\/","name":"Qui\u00e9n est\u00e1 detr\u00e1s? - infopueblo","isPartOf":{"@id":"https:\/\/infopueblo.es\/v1\/#website"},"primaryImageOfPage":{"@id":"https:\/\/infopueblo.es\/v1\/index.php\/quien-esta-detras\/#primaryimage"},"image":{"@id":"https:\/\/infopueblo.es\/v1\/index.php\/quien-esta-detras\/#primaryimage"},"thumbnailUrl":"https:\/\/infopueblo.es\/v1\/wp-content\/uploads\/2025\/07\/faby-2.jpg","datePublished":"2025-06-30T13:45:03+00:00","dateModified":"2025-10-28T15:17:36+00:00","breadcrumb":{"@id":"https:\/\/infopueblo.es\/v1\/index.php\/quien-esta-detras\/#breadcrumb"},"inLanguage":"es","potentialAction":[{"@type":"ReadAction","target":["https:\/\/infopueblo.es\/v1\/index.php\/quien-esta-detras\/"]}]},{"@type":"ImageObject","inLanguage":"es","@id":"https:\/\/infopueblo.es\/v1\/index.php\/quien-esta-detras\/#primaryimage","url":"https:\/\/infopueblo.es\/v1\/wp-content\/uploads\/2025\/07\/faby-2.jpg","contentUrl":"https:\/\/infopueblo.es\/v1\/wp-content\/uploads\/2025\/07\/faby-2.jpg","width":378,"height":378},{"@type":"BreadcrumbList","@id":"https:\/\/infopueblo.es\/v1\/index.php\/quien-esta-detras\/#breadcrumb","itemListElement":[{"@type":"ListItem","position":1,"name":"Portada","item":"https:\/\/infopueblo.es\/v1\/"},{"@type":"ListItem","position":2,"name":"Qui\u00e9n est\u00e1 detr\u00e1s?"}]},{"@type":"WebSite","@id":"https:\/\/infopueblo.es\/v1\/#website","url":"https:\/\/infopueblo.es\/v1\/","name":"infopueblo","description":"Soluciones simples para los desaf\u00edos de la Espa\u00f1a Rural","publisher":{"@id":"https:\/\/infopueblo.es\/v1\/#organization"},"potentialAction":[{"@type":"SearchAction","target":{"@type":"EntryPoint","urlTemplate":"https:\/\/infopueblo.es\/v1\/?s={search_term_string}"},"query-input":{"@type":"PropertyValueSpecification","valueRequired":true,"valueName":"search_term_string"}}],"inLanguage":"es"},{"@type":"Organization","@id":"https:\/\/infopueblo.es\/v1\/#organization","name":"infopueblo","url":"https:\/\/infopueblo.es\/v1\/","logo":{"@type":"ImageObject","inLanguage":"es","@id":"https:\/\/infopueblo.es\/v1\/#\/schema\/logo\/image\/","url":"https:\/\/infopueblo.es\/v1\/wp-content\/uploads\/2025\/06\/INFO-PUEBLO-Isotipo-letras.svg","contentUrl":"https:\/\/infopueblo.es\/v1\/wp-content\/uploads\/2025\/06\/INFO-PUEBLO-Isotipo-letras.svg","width":336,"height":52,"caption":"infopueblo"},"image":{"@id":"https:\/\/infopueblo.es\/v1\/#\/schema\/logo\/image\/"}}]}},"_links":{"self":[{"href":"https:\/\/infopueblo.es\/v1\/index.php\/wp-json\/wp\/v2\/pages\/1952","targetHints":{"allow":["GET"]}}],"collection":[{"href":"https:\/\/infopueblo.es\/v1\/index.php\/wp-json\/wp\/v2\/pages"}],"about":[{"href":"https:\/\/infopueblo.es\/v1\/index.php\/wp-json\/wp\/v2\/types\/page"}],"author":[{"embeddable":true,"href":"https:\/\/infopueblo.es\/v1\/index.php\/wp-json\/wp\/v2\/users\/1"}],"replies":[{"embeddable":true,"href":"https:\/\/infopueblo.es\/v1\/index.php\/wp-json\/wp\/v2\/comments?post=1952"}],"version-history":[{"count":32,"href":"https:\/\/infopueblo.es\/v1\/index.php\/wp-json\/wp\/v2\/pages\/1952\/revisions"}],"predecessor-version":[{"id":2182,"href":"https:\/\/infopueblo.es\/v1\/index.php\/wp-json\/wp\/v2\/pages\/1952\/revisions\/2182"}],"wp:attachment":[{"href":"https:\/\/infopueblo.es\/v1\/index.php\/wp-json\/wp\/v2\/media?parent=1952"}],"curies":[{"name":"wp","href":"https:\/\/api.w.org\/{rel}","templated":true}]}}