{"id":1716,"date":"2025-06-28T16:48:51","date_gmt":"2025-06-28T16:48:51","guid":{"rendered":"https:\/\/infopueblo.es\/v1\/?page_id=1716"},"modified":"2025-09-15T22:18:21","modified_gmt":"2025-09-15T22:18:21","slug":"radiodemo","status":"publish","type":"page","link":"https:\/\/infopueblo.es\/v1\/index.php\/radiodemo\/","title":{"rendered":"Vientos del Valle (Radio demo)"},"content":{"rendered":"\t\t<div data-elementor-type=\"wp-page\" data-elementor-id=\"1716\" class=\"elementor elementor-1716\">\n\t\t\t\t<div class=\"elementor-element elementor-element-dad3e2a e-con-full e-flex e-con e-parent\" data-id=\"dad3e2a\" data-element_type=\"container\">\n\t\t<div class=\"elementor-element elementor-element-9176e7c e-con-full e-flex e-con e-child\" data-id=\"9176e7c\" data-element_type=\"container\" data-settings=\"{&quot;background_background&quot;:&quot;classic&quot;}\">\n\t\t<div class=\"elementor-element elementor-element-bfc5b07 e-flex e-con-boxed e-con e-child\" data-id=\"bfc5b07\" data-element_type=\"container\">\n\t\t\t\t\t<div class=\"e-con-inner\">\n\t\t<div class=\"elementor-element elementor-element-3fa0ba2 e-con-full e-flex e-con e-child\" data-id=\"3fa0ba2\" data-element_type=\"container\">\n\t\t\t\t<div class=\"elementor-element elementor-element-c2a54a8 elementor-widget-mobile__width-auto elementor-widget elementor-widget-heading\" data-id=\"c2a54a8\" data-element_type=\"widget\" data-widget_type=\"heading.default\">\n\t\t\t\t<div class=\"elementor-widget-container\">\n\t\t\t\t\t<h2 class=\"elementor-heading-title elementor-size-default\">Todo pueblo<br>merece una radio...<\/h2>\t\t\t\t<\/div>\n\t\t\t\t<\/div>\n\t\t\t\t<\/div>\n\t\t\t\t\t<\/div>\n\t\t\t\t<\/div>\n\t\t\t\t<\/div>\n\t\t\t\t<div class=\"elementor-element elementor-element-5549825 elementor-widget elementor-widget-text-editor\" data-id=\"5549825\" data-element_type=\"widget\" data-widget_type=\"text-editor.default\">\n\t\t\t\t<div class=\"elementor-widget-container\">\n\t\t\t\t\t\t\t\t\t<h4 style=\"text-align: center;\">\ud83c\udfa7 <em data-start=\"1025\" data-end=\"1058\">As\u00ed suena una radio INFO PUEBLO<\/em><\/h4>\t\t\t\t\t\t\t\t<\/div>\n\t\t\t\t<\/div>\n\t\t\t\t<div class=\"elementor-element elementor-element-8cc0584 elementor-widget elementor-widget-image\" data-id=\"8cc0584\" data-element_type=\"widget\" data-widget_type=\"image.default\">\n\t\t\t\t<div class=\"elementor-widget-container\">\n\t\t\t\t\t\t\t\t\t\t\t\t\t\t\t<img fetchpriority=\"high\" decoding=\"async\" width=\"400\" height=\"140\" src=\"https:\/\/infopueblo.es\/v1\/wp-content\/uploads\/2025\/06\/5.png\" class=\"attachment-medium_large size-medium_large wp-image-1750\" alt=\"\" srcset=\"https:\/\/infopueblo.es\/v1\/wp-content\/uploads\/2025\/06\/5.png 400w, https:\/\/infopueblo.es\/v1\/wp-content\/uploads\/2025\/06\/5-300x105.png 300w\" sizes=\"(max-width: 400px) 100vw, 400px\" \/>\t\t\t\t\t\t\t\t\t\t\t\t\t\t\t<\/div>\n\t\t\t\t<\/div>\n\t\t\t\t<div class=\"elementor-element elementor-element-5fe1559 elementor-widget elementor-widget-html\" data-id=\"5fe1559\" data-element_type=\"widget\" data-widget_type=\"html.default\">\n\t\t\t\t<div class=\"elementor-widget-container\">\n\t\t\t\t\t<p style=\"text-align: center;\"><strong><em> Haz clic y escuch\u00e1 c\u00f3mo podr\u00eda sonar la radio de su pueblo<br>Recuerda quue tu puedes elegir la musica, nombre de programas y conductores<\/em><\/strong><br>\r\n<audio style=\"background-image: url('img\/object.gif'); text-align: -webkit-center;\" autoplay=\"autoplay\" controls=\"controls\" data-mce-fragment=\"1\"><span data-mce-type=\"bookmark\" style=\"display: inline-block; width: 0px; overflow: hidden; line-height: 0;\" class=\"mce_SELRES_start\">\ufeff<\/span><span data-mce-type=\"bookmark\" style=\"display: inline-block; width: 0px; overflow: hidden; line-height: 0;\" class=\"mce_SELRES_start\"><span data-mce-type=\"bookmark\" style=\"display: inline-block; width: 0px; overflow: hidden; line-height: 0;\" class=\"mce_SELRES_end\">\ufeff<\/span>\ufeff<\/span><source src=\"https:\/\/centova.heplayer.com\/proxy\/station97\/stream\" \/><span data-mce-type=\"bookmark\" style=\"display: inline-block; width: 0px; overflow: hidden; line-height: 0;\" class=\"mce_SELRES_end\">\ufeff<\/span><span data-mce-type=\"bookmark\" style=\"display: inline-block; width: 0px; overflow: hidden; line-height: 0;\" class=\"mce_SELRES_end\">\ufeff<\/span> Su navegador no soporta Audio HTML5<span data-mce-type=\"bookmark\" style=\"display: inline-block; width: 0px; overflow: hidden; line-height: 0;\" class=\"mce_SELRES_start\">\ufeff<\/span>\r\n<\/audio><\/p>\t\t\t\t<\/div>\n\t\t\t\t<\/div>\n\t\t\t\t<\/div>\n\t\t<div class=\"elementor-element elementor-element-73c528e e-flex e-con-boxed e-con e-parent\" data-id=\"73c528e\" data-element_type=\"container\">\n\t\t\t\t\t<div class=\"e-con-inner\">\n\t\t\t\t<div class=\"elementor-element elementor-element-67eadf2 elementor-widget elementor-widget-image\" data-id=\"67eadf2\" data-element_type=\"widget\" data-widget_type=\"image.default\">\n\t\t\t\t<div class=\"elementor-widget-container\">\n\t\t\t\t\t\t\t\t\t\t\t\t\t\t\t<img decoding=\"async\" width=\"640\" height=\"1024\" src=\"https:\/\/infopueblo.es\/v1\/wp-content\/uploads\/2025\/06\/Vientos-del-valle-radio-Programacion-640x1024.png\" class=\"attachment-large size-large wp-image-1746\" alt=\"\" srcset=\"https:\/\/infopueblo.es\/v1\/wp-content\/uploads\/2025\/06\/Vientos-del-valle-radio-Programacion-640x1024.png 640w, https:\/\/infopueblo.es\/v1\/wp-content\/uploads\/2025\/06\/Vientos-del-valle-radio-Programacion-188x300.png 188w, https:\/\/infopueblo.es\/v1\/wp-content\/uploads\/2025\/06\/Vientos-del-valle-radio-Programacion-768x1228.png 768w, https:\/\/infopueblo.es\/v1\/wp-content\/uploads\/2025\/06\/Vientos-del-valle-radio-Programacion.png 899w\" sizes=\"(max-width: 640px) 100vw, 640px\" \/>\t\t\t\t\t\t\t\t\t\t\t\t\t\t\t<\/div>\n\t\t\t\t<\/div>\n\t\t\t\t\t<\/div>\n\t\t\t\t<\/div>\n\t\t<div class=\"elementor-element elementor-element-6678f67 e-flex e-con-boxed e-con e-parent\" data-id=\"6678f67\" data-element_type=\"container\">\n\t\t\t\t\t<div class=\"e-con-inner\">\n\t\t<div class=\"elementor-element elementor-element-7b4ff97 e-con-full e-flex e-con e-child\" data-id=\"7b4ff97\" data-element_type=\"container\" data-settings=\"{&quot;background_background&quot;:&quot;classic&quot;}\">\n\t\t<div class=\"elementor-element elementor-element-6b027fa e-con-full e-flex e-con e-child\" data-id=\"6b027fa\" data-element_type=\"container\">\n\t\t\t\t<div class=\"elementor-element elementor-element-8c98d73 elementor-widget elementor-widget-heading\" data-id=\"8c98d73\" data-element_type=\"widget\" data-widget_type=\"heading.default\">\n\t\t\t\t<div class=\"elementor-widget-container\">\n\t\t\t\t\t<h4 class=\"elementor-heading-title elementor-size-default\">Simple y sin complicaciones !<\/h4>\t\t\t\t<\/div>\n\t\t\t\t<\/div>\n\t\t\t\t<div class=\"elementor-element elementor-element-d6b6f86 elementor-widget elementor-widget-text-editor\" data-id=\"d6b6f86\" data-element_type=\"widget\" data-widget_type=\"text-editor.default\">\n\t\t\t\t<div class=\"elementor-widget-container\">\n\t\t\t\t\t\t\t\t\t<h5 data-pm-slice=\"1 1 []\"><span style=\"color: #ffffff;\"><em><strong>Y todo personalizado a su gusto!.<br \/>Voces, M\u00fasica, Jingles, C\u00e1psulas y m\u00e1s<\/strong><\/em><\/span><\/h5><p data-pm-slice=\"1 1 []\">\u00a0<\/p>\t\t\t\t\t\t\t\t<\/div>\n\t\t\t\t<\/div>\n\t\t\t\t<\/div>\n\t\t<div class=\"elementor-element elementor-element-aa68b9e e-con-full e-flex e-con e-child\" data-id=\"aa68b9e\" data-element_type=\"container\">\n\t\t\t\t<div class=\"elementor-element elementor-element-ae7f41a elementor-mobile-align-center elementor-align-right elementor-widget elementor-widget-button\" data-id=\"ae7f41a\" data-element_type=\"widget\" data-widget_type=\"button.default\">\n\t\t\t\t<div class=\"elementor-widget-container\">\n\t\t\t\t\t\t\t\t\t<div class=\"elementor-button-wrapper\">\n\t\t\t\t\t<a class=\"elementor-button elementor-button-link elementor-size-sm\" href=\"https:\/\/infopueblo.es\/v1\/index.php\/contacto\/\">\n\t\t\t\t\t\t<span class=\"elementor-button-content-wrapper\">\n\t\t\t\t\t\t\t\t\t<span class=\"elementor-button-text\">\ud83d\udcde HABLEMOS. <br><br>Estamos a su disposici\u00f3n<\/span>\n\t\t\t\t\t<\/span>\n\t\t\t\t\t<\/a>\n\t\t\t\t<\/div>\n\t\t\t\t\t\t\t\t<\/div>\n\t\t\t\t<\/div>\n\t\t\t\t<\/div>\n\t\t\t\t<\/div>\n\t\t\t\t\t<\/div>\n\t\t\t\t<\/div>\n\t\t\t\t<\/div>\n\t\t","protected":false},"excerpt":{"rendered":"<p>Todo pueblo merece una radio&#8230; \ud83c\udfa7 As\u00ed suena una radio INFO PUEBLO Haz clic y escuch\u00e1 c\u00f3mo podr\u00eda sonar la radio de su pueblo Recuerda quue tu puedes elegir la musica, nombre de programas y conductores \ufeff\ufeff\ufeff\ufeff\ufeff Su navegador no soporta Audio HTML5 Simple y sin complicaciones ! Y todo personalizado a su gusto!. Voces, [&hellip;]<\/p>\n","protected":false},"author":1,"featured_media":0,"parent":0,"menu_order":0,"comment_status":"closed","ping_status":"closed","template":"","meta":{"footnotes":""},"class_list":["post-1716","page","type-page","status-publish","hentry"],"blocksy_meta":[],"yoast_head":"<!-- This site is optimized with the Yoast SEO plugin v26.3 - https:\/\/yoast.com\/wordpress\/plugins\/seo\/ -->\n<title>Vientos del Valle (Radio demo) - infopueblo<\/title>\n<meta name=\"robots\" content=\"index, follow, max-snippet:-1, max-image-preview:large, max-video-preview:-1\" \/>\n<link rel=\"canonical\" href=\"https:\/\/infopueblo.es\/v1\/index.php\/radiodemo\/\" \/>\n<meta property=\"og:locale\" content=\"es_ES\" \/>\n<meta property=\"og:type\" content=\"article\" \/>\n<meta property=\"og:title\" content=\"Vientos del Valle (Radio demo) - infopueblo\" \/>\n<meta property=\"og:description\" content=\"Todo pueblo merece una radio&#8230; \ud83c\udfa7 As\u00ed suena una radio INFO PUEBLO Haz clic y escuch\u00e1 c\u00f3mo podr\u00eda sonar la radio de su pueblo Recuerda quue tu puedes elegir la musica, nombre de programas y conductores \ufeff\ufeff\ufeff\ufeff\ufeff Su navegador no soporta Audio HTML5 Simple y sin complicaciones ! Y todo personalizado a su gusto!. Voces, [&hellip;]\" \/>\n<meta property=\"og:url\" content=\"https:\/\/infopueblo.es\/v1\/index.php\/radiodemo\/\" \/>\n<meta property=\"og:site_name\" content=\"infopueblo\" \/>\n<meta property=\"article:modified_time\" content=\"2025-09-15T22:18:21+00:00\" \/>\n<meta property=\"og:image\" content=\"https:\/\/infopueblo.es\/v1\/wp-content\/uploads\/2025\/06\/5.png\" \/>\n<meta name=\"twitter:card\" content=\"summary_large_image\" \/>\n<meta name=\"twitter:label1\" content=\"Tiempo de lectura\" \/>\n\t<meta name=\"twitter:data1\" content=\"1 minuto\" \/>\n<script type=\"application\/ld+json\" class=\"yoast-schema-graph\">{\"@context\":\"https:\/\/schema.org\",\"@graph\":[{\"@type\":\"WebPage\",\"@id\":\"https:\/\/infopueblo.es\/v1\/index.php\/radiodemo\/\",\"url\":\"https:\/\/infopueblo.es\/v1\/index.php\/radiodemo\/\",\"name\":\"Vientos del Valle (Radio demo) - infopueblo\",\"isPartOf\":{\"@id\":\"https:\/\/infopueblo.es\/v1\/#website\"},\"primaryImageOfPage\":{\"@id\":\"https:\/\/infopueblo.es\/v1\/index.php\/radiodemo\/#primaryimage\"},\"image\":{\"@id\":\"https:\/\/infopueblo.es\/v1\/index.php\/radiodemo\/#primaryimage\"},\"thumbnailUrl\":\"https:\/\/infopueblo.es\/v1\/wp-content\/uploads\/2025\/06\/5.png\",\"datePublished\":\"2025-06-28T16:48:51+00:00\",\"dateModified\":\"2025-09-15T22:18:21+00:00\",\"breadcrumb\":{\"@id\":\"https:\/\/infopueblo.es\/v1\/index.php\/radiodemo\/#breadcrumb\"},\"inLanguage\":\"es\",\"potentialAction\":[{\"@type\":\"ReadAction\",\"target\":[\"https:\/\/infopueblo.es\/v1\/index.php\/radiodemo\/\"]}]},{\"@type\":\"ImageObject\",\"inLanguage\":\"es\",\"@id\":\"https:\/\/infopueblo.es\/v1\/index.php\/radiodemo\/#primaryimage\",\"url\":\"https:\/\/infopueblo.es\/v1\/wp-content\/uploads\/2025\/06\/5.png\",\"contentUrl\":\"https:\/\/infopueblo.es\/v1\/wp-content\/uploads\/2025\/06\/5.png\",\"width\":400,\"height\":140},{\"@type\":\"BreadcrumbList\",\"@id\":\"https:\/\/infopueblo.es\/v1\/index.php\/radiodemo\/#breadcrumb\",\"itemListElement\":[{\"@type\":\"ListItem\",\"position\":1,\"name\":\"Portada\",\"item\":\"https:\/\/infopueblo.es\/v1\/\"},{\"@type\":\"ListItem\",\"position\":2,\"name\":\"Vientos del Valle (Radio demo)\"}]},{\"@type\":\"WebSite\",\"@id\":\"https:\/\/infopueblo.es\/v1\/#website\",\"url\":\"https:\/\/infopueblo.es\/v1\/\",\"name\":\"infopueblo\",\"description\":\"Soluciones simples para los desaf\u00edos de la Espa\u00f1a Rural\",\"publisher\":{\"@id\":\"https:\/\/infopueblo.es\/v1\/#organization\"},\"potentialAction\":[{\"@type\":\"SearchAction\",\"target\":{\"@type\":\"EntryPoint\",\"urlTemplate\":\"https:\/\/infopueblo.es\/v1\/?s={search_term_string}\"},\"query-input\":{\"@type\":\"PropertyValueSpecification\",\"valueRequired\":true,\"valueName\":\"search_term_string\"}}],\"inLanguage\":\"es\"},{\"@type\":\"Organization\",\"@id\":\"https:\/\/infopueblo.es\/v1\/#organization\",\"name\":\"infopueblo\",\"url\":\"https:\/\/infopueblo.es\/v1\/\",\"logo\":{\"@type\":\"ImageObject\",\"inLanguage\":\"es\",\"@id\":\"https:\/\/infopueblo.es\/v1\/#\/schema\/logo\/image\/\",\"url\":\"https:\/\/infopueblo.es\/v1\/wp-content\/uploads\/2025\/06\/INFO-PUEBLO-Isotipo-letras.svg\",\"contentUrl\":\"https:\/\/infopueblo.es\/v1\/wp-content\/uploads\/2025\/06\/INFO-PUEBLO-Isotipo-letras.svg\",\"width\":336,\"height\":52,\"caption\":\"infopueblo\"},\"image\":{\"@id\":\"https:\/\/infopueblo.es\/v1\/#\/schema\/logo\/image\/\"}}]}<\/script>\n<!-- \/ Yoast SEO plugin. -->","yoast_head_json":{"title":"Vientos del Valle (Radio demo) - infopueblo","robots":{"index":"index","follow":"follow","max-snippet":"max-snippet:-1","max-image-preview":"max-image-preview:large","max-video-preview":"max-video-preview:-1"},"canonical":"https:\/\/infopueblo.es\/v1\/index.php\/radiodemo\/","og_locale":"es_ES","og_type":"article","og_title":"Vientos del Valle (Radio demo) - infopueblo","og_description":"Todo pueblo merece una radio&#8230; \ud83c\udfa7 As\u00ed suena una radio INFO PUEBLO Haz clic y escuch\u00e1 c\u00f3mo podr\u00eda sonar la radio de su pueblo Recuerda quue tu puedes elegir la musica, nombre de programas y conductores \ufeff\ufeff\ufeff\ufeff\ufeff Su navegador no soporta Audio HTML5 Simple y sin complicaciones ! Y todo personalizado a su gusto!. Voces, [&hellip;]","og_url":"https:\/\/infopueblo.es\/v1\/index.php\/radiodemo\/","og_site_name":"infopueblo","article_modified_time":"2025-09-15T22:18:21+00:00","og_image":[{"url":"https:\/\/infopueblo.es\/v1\/wp-content\/uploads\/2025\/06\/5.png","type":"","width":"","height":""}],"twitter_card":"summary_large_image","twitter_misc":{"Tiempo de lectura":"1 minuto"},"schema":{"@context":"https:\/\/schema.org","@graph":[{"@type":"WebPage","@id":"https:\/\/infopueblo.es\/v1\/index.php\/radiodemo\/","url":"https:\/\/infopueblo.es\/v1\/index.php\/radiodemo\/","name":"Vientos del Valle (Radio demo) - infopueblo","isPartOf":{"@id":"https:\/\/infopueblo.es\/v1\/#website"},"primaryImageOfPage":{"@id":"https:\/\/infopueblo.es\/v1\/index.php\/radiodemo\/#primaryimage"},"image":{"@id":"https:\/\/infopueblo.es\/v1\/index.php\/radiodemo\/#primaryimage"},"thumbnailUrl":"https:\/\/infopueblo.es\/v1\/wp-content\/uploads\/2025\/06\/5.png","datePublished":"2025-06-28T16:48:51+00:00","dateModified":"2025-09-15T22:18:21+00:00","breadcrumb":{"@id":"https:\/\/infopueblo.es\/v1\/index.php\/radiodemo\/#breadcrumb"},"inLanguage":"es","potentialAction":[{"@type":"ReadAction","target":["https:\/\/infopueblo.es\/v1\/index.php\/radiodemo\/"]}]},{"@type":"ImageObject","inLanguage":"es","@id":"https:\/\/infopueblo.es\/v1\/index.php\/radiodemo\/#primaryimage","url":"https:\/\/infopueblo.es\/v1\/wp-content\/uploads\/2025\/06\/5.png","contentUrl":"https:\/\/infopueblo.es\/v1\/wp-content\/uploads\/2025\/06\/5.png","width":400,"height":140},{"@type":"BreadcrumbList","@id":"https:\/\/infopueblo.es\/v1\/index.php\/radiodemo\/#breadcrumb","itemListElement":[{"@type":"ListItem","position":1,"name":"Portada","item":"https:\/\/infopueblo.es\/v1\/"},{"@type":"ListItem","position":2,"name":"Vientos del Valle (Radio demo)"}]},{"@type":"WebSite","@id":"https:\/\/infopueblo.es\/v1\/#website","url":"https:\/\/infopueblo.es\/v1\/","name":"infopueblo","description":"Soluciones simples para los desaf\u00edos de la Espa\u00f1a Rural","publisher":{"@id":"https:\/\/infopueblo.es\/v1\/#organization"},"potentialAction":[{"@type":"SearchAction","target":{"@type":"EntryPoint","urlTemplate":"https:\/\/infopueblo.es\/v1\/?s={search_term_string}"},"query-input":{"@type":"PropertyValueSpecification","valueRequired":true,"valueName":"search_term_string"}}],"inLanguage":"es"},{"@type":"Organization","@id":"https:\/\/infopueblo.es\/v1\/#organization","name":"infopueblo","url":"https:\/\/infopueblo.es\/v1\/","logo":{"@type":"ImageObject","inLanguage":"es","@id":"https:\/\/infopueblo.es\/v1\/#\/schema\/logo\/image\/","url":"https:\/\/infopueblo.es\/v1\/wp-content\/uploads\/2025\/06\/INFO-PUEBLO-Isotipo-letras.svg","contentUrl":"https:\/\/infopueblo.es\/v1\/wp-content\/uploads\/2025\/06\/INFO-PUEBLO-Isotipo-letras.svg","width":336,"height":52,"caption":"infopueblo"},"image":{"@id":"https:\/\/infopueblo.es\/v1\/#\/schema\/logo\/image\/"}}]}},"_links":{"self":[{"href":"https:\/\/infopueblo.es\/v1\/index.php\/wp-json\/wp\/v2\/pages\/1716","targetHints":{"allow":["GET"]}}],"collection":[{"href":"https:\/\/infopueblo.es\/v1\/index.php\/wp-json\/wp\/v2\/pages"}],"about":[{"href":"https:\/\/infopueblo.es\/v1\/index.php\/wp-json\/wp\/v2\/types\/page"}],"author":[{"embeddable":true,"href":"https:\/\/infopueblo.es\/v1\/index.php\/wp-json\/wp\/v2\/users\/1"}],"replies":[{"embeddable":true,"href":"https:\/\/infopueblo.es\/v1\/index.php\/wp-json\/wp\/v2\/comments?post=1716"}],"version-history":[{"count":108,"href":"https:\/\/infopueblo.es\/v1\/index.php\/wp-json\/wp\/v2\/pages\/1716\/revisions"}],"predecessor-version":[{"id":2117,"href":"https:\/\/infopueblo.es\/v1\/index.php\/wp-json\/wp\/v2\/pages\/1716\/revisions\/2117"}],"wp:attachment":[{"href":"https:\/\/infopueblo.es\/v1\/index.php\/wp-json\/wp\/v2\/media?parent=1716"}],"curies":[{"name":"wp","href":"https:\/\/api.w.org\/{rel}","templated":true}]}}